{"id":58033,"date":"2023-08-25T19:57:29","date_gmt":"2023-08-25T17:57:29","guid":{"rendered":"https:\/\/repawelt.de\/sirket\/"},"modified":"2025-02-08T17:18:52","modified_gmt":"2025-02-08T16:18:52","slug":"sirket","status":"publish","type":"page","link":"https:\/\/repawelt.de\/tr\/sirket\/","title":{"rendered":"\u015eirket"},"content":{"rendered":"<p>[et_pb_section fb_built=&#8221;1&#8243; admin_label=&#8221;Repawelt Header&#8221; _builder_version=&#8221;4.16&#8243; custom_padding=&#8221;0px||8px|||&#8221; global_module=&#8221;20019&#8243; saved_tabs=&#8221;all&#8221; global_colors_info=&#8221;{}&#8221;][et_pb_row _builder_version=&#8221;4.16&#8243; background_size=&#8221;initial&#8221; background_position=&#8221;top_left&#8221; background_repeat=&#8221;repeat&#8221; custom_padding=&#8221;67px||2px|||&#8221; global_colors_info=&#8221;{}&#8221;][et_pb_column type=&#8221;4_4&#8243; _builder_version=&#8221;4.16&#8243; custom_padding=&#8221;|||&#8221; global_colors_info=&#8221;{}&#8221; custom_padding__hover=&#8221;|||&#8221;][et_pb_text admin_label=&#8221;Repawelt&#8221; _builder_version=&#8221;4.27.0&#8243; vertical_offset_tablet=&#8221;0&#8243; horizontal_offset_tablet=&#8221;0&#8243; z_index_tablet=&#8221;0&#8243; text_text_shadow_horizontal_length_tablet=&#8221;0px&#8221; text_text_shadow_vertical_length_tablet=&#8221;0px&#8221; text_text_shadow_blur_strength_tablet=&#8221;1px&#8221; link_text_shadow_horizontal_length_tablet=&#8221;0px&#8221; link_text_shadow_vertical_length_tablet=&#8221;0px&#8221; link_text_shadow_blur_strength_tablet=&#8221;1px&#8221; ul_text_shadow_horizontal_length_tablet=&#8221;0px&#8221; ul_text_shadow_vertical_length_tablet=&#8221;0px&#8221; ul_text_shadow_blur_strength_tablet=&#8221;1px&#8221; ol_text_shadow_horizontal_length_tablet=&#8221;0px&#8221; ol_text_shadow_vertical_length_tablet=&#8221;0px&#8221; ol_text_shadow_blur_strength_tablet=&#8221;1px&#8221; quote_text_shadow_horizontal_length_tablet=&#8221;0px&#8221; quote_text_shadow_vertical_length_tablet=&#8221;0px&#8221; quote_text_shadow_blur_strength_tablet=&#8221;1px&#8221; header_text_shadow_horizontal_length_tablet=&#8221;0px&#8221; header_text_shadow_vertical_length_tablet=&#8221;0px&#8221; header_text_shadow_blur_strength_tablet=&#8221;1px&#8221; header_2_text_shadow_horizontal_length_tablet=&#8221;0px&#8221; header_2_text_shadow_vertical_length_tablet=&#8221;0px&#8221; header_2_text_shadow_blur_strength_tablet=&#8221;1px&#8221; header_3_text_shadow_horizontal_length_tablet=&#8221;0px&#8221; header_3_text_shadow_vertical_length_tablet=&#8221;0px&#8221; header_3_text_shadow_blur_strength_tablet=&#8221;1px&#8221; header_4_text_shadow_horizontal_length_tablet=&#8221;0px&#8221; header_4_text_shadow_vertical_length_tablet=&#8221;0px&#8221; header_4_text_shadow_blur_strength_tablet=&#8221;1px&#8221; header_5_text_shadow_horizontal_length_tablet=&#8221;0px&#8221; header_5_text_shadow_vertical_length_tablet=&#8221;0px&#8221; header_5_text_shadow_blur_strength_tablet=&#8221;1px&#8221; header_6_text_shadow_horizontal_length_tablet=&#8221;0px&#8221; header_6_text_shadow_vertical_length_tablet=&#8221;0px&#8221; header_6_text_shadow_blur_strength_tablet=&#8221;1px&#8221; box_shadow_horizontal_tablet=&#8221;0px&#8221; box_shadow_vertical_tablet=&#8221;0px&#8221; box_shadow_blur_tablet=&#8221;40px&#8221; box_shadow_spread_tablet=&#8221;0px&#8221; global_colors_info=&#8221;{}&#8221;]<\/p>\n<h1 style=\"text-align: center;\"><strong>repawelt.de<\/strong><\/h1>\n<h2 style=\"text-align: center;\">Ara\u00e7 tamir d\u00fcnyas\u0131.<\/h2>\n<p style=\"text-align: center;\">Bilgi birikimi. \u015eirket. \u00dcr\u00fcnler. \u0130nsanlar.   <\/p>\n<p style=\"text-align: center;\">[\/et_pb_text][et_pb_search placeholder=&#8221;Repa d\u00fcnyas\u0131nda arama yap\u0131n &#8230;..  &#8221; _builder_version=&#8221;4.25.1&#8243; _module_preset=&#8221;default&#8221; global_colors_info=&#8221;{}&#8221;][\/et_pb_search][et_pb_divider divider_position=&#8221;center&#8221; _builder_version=&#8221;4.24.2&#8243; _module_preset=&#8221;default&#8221; global_colors_info=&#8221;{}&#8221;][\/et_pb_divider][\/et_pb_column][\/et_pb_row][\/et_pb_section][et_pb_section fb_built=&#8221;1&#8243; _builder_version=&#8221;4.22.1&#8243; _module_preset=&#8221;default&#8221; custom_padding=&#8221;9px|||||&#8221; global_colors_info=&#8221;{}&#8221;][et_pb_row _builder_version=&#8221;4.22.1&#8243; _module_preset=&#8221;default&#8221; global_colors_info=&#8221;{}&#8221;][et_pb_column type=&#8221;4_4&#8243; _builder_version=&#8221;4.22.1&#8243; _module_preset=&#8221;default&#8221; global_colors_info=&#8221;{}&#8221;][et_pb_text admin_label=&#8221;Unternehmen&#8221; _builder_version=&#8221;4.25.1&#8243; _module_preset=&#8221;default&#8221; global_colors_info=&#8221;{}&#8221;]<\/p>\n<h1><strong>\u015eirket<\/strong><\/h1>\n<p>[\/et_pb_text][et_pb_blog fullwidth=&#8221;off&#8221; posts_number=&#8221;48&#8243; include_categories=&#8221;907&#8243; show_more=&#8221;on&#8221; show_author=&#8221;off&#8221; show_date=&#8221;off&#8221; show_categories=&#8221;off&#8221; use_overlay=&#8221;on&#8221; overlay_icon_color=&#8221;#FFFFFF&#8221; hover_overlay_color=&#8221;#0C71C3&#8243; hover_icon=&#8221;&#x70;||divi||400&#8243; module_class=&#8221;neu-blog&#8221; _builder_version=&#8221;4.27.3&#8243; _module_preset=&#8221;default&#8221; header_level=&#8221;h5&#8243; header_font_size=&#8221;12px&#8221; header_line_height=&#8221;1.5em&#8221; body_font=&#8221;|300|||||||&#8221; body_font_size=&#8221;12px&#8221; body_line_height=&#8221;1.5em&#8221; meta_font_size=&#8221;10px&#8221; read_more_font_size=&#8221;10px&#8221; read_more_line_height=&#8221;1.5em&#8221; custom_margin=&#8221;|9px||9px|false|false&#8221; body_font_last_edited=&#8221;off|phone&#8221; border_width_all=&#8221;2px&#8221; locked=&#8221;off&#8221; global_colors_info=&#8221;{}&#8221;][\/et_pb_blog][\/et_pb_column][\/et_pb_row][\/et_pb_section][et_pb_section fb_built=&#8221;1&#8243; admin_label=&#8221;Social Sharing Buttons&#8221; _builder_version=&#8221;4.24.2&#8243; _module_preset=&#8221;default&#8221; custom_padding=&#8221;1px||7px|||&#8221; locked=&#8221;off&#8221; global_colors_info=&#8221;{}&#8221;][et_pb_row _builder_version=&#8221;4.24.2&#8243; _module_preset=&#8221;default&#8221; custom_padding=&#8221;2px||0px|||&#8221; global_colors_info=&#8221;{}&#8221;][et_pb_column type=&#8221;4_4&#8243; _builder_version=&#8221;4.24.2&#8243; _module_preset=&#8221;default&#8221; global_colors_info=&#8221;{}&#8221;][et_pb_blurb title=&#8221;Payla\u015f | Payla\u015f&#8221; use_icon=&#8221;on&#8221; font_icon=&#8221;&#xe605;||divi||400&#8243; icon_color=&#8221;#6b6b6b&#8221; image_icon_width=&#8221;36px&#8221; _builder_version=&#8221;4.24.2&#8243; _module_preset=&#8221;default&#8221; header_font=&#8221;|||||on|||&#8221; header_text_align=&#8221;center&#8221; header_text_color=&#8221;#a3a3a3&#8243; header_font_size=&#8221;18px&#8221; global_colors_info=&#8221;{}&#8221;][\/et_pb_blurb][dssb_sharing_buttons icon_placement=&#8221;icon&#8221; columns=&#8221;10&#8243; use_sharing_title=&#8221;on&#8221; use_global_sharing=&#8221;on&#8221; _builder_version=&#8221;4.24.2&#8243; _module_preset=&#8221;default&#8221; sharing_title_font=&#8221;Arial||||||||&#8221; sharing_title_text_align=&#8221;left&#8221; sharing_title_font_size=&#8221;12px&#8221; share_font=&#8221;Arial||||||||&#8221; share_font_size=&#8221;10px&#8221; background_color=&#8221;#f7f7f7&#8243; border_radii_icon=&#8221;on||||&#8221; global_colors_info=&#8221;{}&#8221;][dssb_sharing_button social_network=&#8221;whatsapp&#8221; _builder_version=&#8221;4.24.2&#8243; _module_preset=&#8221;default&#8221; global_colors_info=&#8221;{}&#8221;][\/dssb_sharing_button][dssb_sharing_button social_network=&#8221;linkedin&#8221; _builder_version=&#8221;4.24.2&#8243; _module_preset=&#8221;default&#8221; global_colors_info=&#8221;{}&#8221;][\/dssb_sharing_button][dssb_sharing_button _builder_version=&#8221;4.24.2&#8243; _module_preset=&#8221;default&#8221; global_colors_info=&#8221;{}&#8221;][\/dssb_sharing_button][dssb_sharing_button social_network=&#8221;twitter&#8221; _builder_version=&#8221;4.24.2&#8243; _module_preset=&#8221;default&#8221; global_colors_info=&#8221;{}&#8221;][\/dssb_sharing_button][dssb_sharing_button social_network=&#8221;blogger&#8221; _builder_version=&#8221;4.24.2&#8243; _module_preset=&#8221;default&#8221; global_colors_info=&#8221;{}&#8221;][\/dssb_sharing_button][dssb_sharing_button social_network=&#8221;pinterest&#8221; _builder_version=&#8221;4.24.2&#8243; _module_preset=&#8221;default&#8221; global_colors_info=&#8221;{}&#8221;][\/dssb_sharing_button][dssb_sharing_button social_network=&#8221;email&#8221; _builder_version=&#8221;4.24.2&#8243; _module_preset=&#8221;default&#8221; global_colors_info=&#8221;{}&#8221;][\/dssb_sharing_button][dssb_sharing_button social_network=&#8221;gmail&#8221; _builder_version=&#8221;4.24.2&#8243; _module_preset=&#8221;default&#8221; global_colors_info=&#8221;{}&#8221;][\/dssb_sharing_button][dssb_sharing_button social_network=&#8221;copy&#8221; _builder_version=&#8221;4.24.2&#8243; _module_preset=&#8221;default&#8221; global_colors_info=&#8221;{}&#8221;][\/dssb_sharing_button][dssb_sharing_button social_network=&#8221;print&#8221; _builder_version=&#8221;4.24.2&#8243; _module_preset=&#8221;default&#8221; global_colors_info=&#8221;{}&#8221;][\/dssb_sharing_button][dssb_sharing_button _builder_version=&#8221;4.24.2&#8243; _module_preset=&#8221;default&#8221; global_colors_info=&#8221;{}&#8221;][\/dssb_sharing_button][\/dssb_sharing_buttons][\/et_pb_column][\/et_pb_row][\/et_pb_section]<\/p>\n","protected":false},"excerpt":{"rendered":"<p>repawelt.de Ara\u00e7 tamir d\u00fcnyas\u0131. Bilgi birikimi. \u015eirket. \u00dcr\u00fcnler. \u0130nsanlar. \u015eirket<div class=\"et_pb_module dssb_sharing_buttons dssb_sharing_buttons_0\">\n\t\t\t\t\n\t\t\t\t\n\t\t\t\t\n\t\t\t\t\n\t\t\t\t\n\t\t\t\t\n\t\t\t\t<div class=\"et_pb_module_inner\">\n\t\t\t\t\t<div class=\"dssb-sharing-buttons dssb-columns-10 dssb-tablet-columns-10 dssb-phone-columns-10\"><\/div>\n\t\t\t\t<\/div>\n\t\t\t<\/div><div class=\"dssb_sharing_button dssb_sharing_button_0\">\n\t\t\t\t\n\t\t\t\t\n\t\t\t\t\n\t\t\t\t\n\t\t\t\t\n\t\t\t\t\n\t\t\t\t<div class=\"et_pb_module_inner\">\n\t\t\t\t\t\n            <div class=\"dssb-sharing-button\">\n                <a class=\"dssb-sharing-button-whatsapp\" href=\"https:\/\/api.whatsapp.com\/send?text=\" data-network=\"whatsapp\" aria-label=\"Share On Whatsapp\" rel=\"nofollow\">\n                    <span class=\"dssb-sharing-icon dssb-sharing-whatsapp\"><\/span>\n                    <div class=\"dssb-sharing-text\" >Share On Whatsapp<\/div>\n                <\/a>\n            <\/div>\n\t\t\t\t<\/div>\n\t\t\t<\/div><div class=\"dssb_sharing_button dssb_sharing_button_1\">\n\t\t\t\t\n\t\t\t\t\n\t\t\t\t\n\t\t\t\t\n\t\t\t\t\n\t\t\t\t\n\t\t\t\t<div class=\"et_pb_module_inner\">\n\t\t\t\t\t\n            <div class=\"dssb-sharing-button\">\n                <a class=\"dssb-sharing-button-linkedin\" href=\"https:\/\/www.linkedin.com\/shareArticle?mini=1&url&title\" data-network=\"linkedin\" aria-label=\"Share On Linkedin\" rel=\"nofollow\">\n                    <span class=\"dssb-sharing-icon dssb-sharing-linkedin\"><\/span>\n                    <div class=\"dssb-sharing-text\" >Share On Linkedin<\/div>\n                <\/a>\n            <\/div>\n\t\t\t\t<\/div>\n\t\t\t<\/div><div class=\"dssb_sharing_button dssb_sharing_button_2\">\n\t\t\t\t\n\t\t\t\t\n\t\t\t\t\n\t\t\t\t\n\t\t\t\t\n\t\t\t\t\n\t\t\t\t<div class=\"et_pb_module_inner\">\n\t\t\t\t\t\n            <div class=\"dssb-sharing-button\">\n                <a class=\"dssb-sharing-button-facebook\" href=\"https:\/\/www.facebook.com\/sharer.php?u\" data-network=\"facebook\" aria-label=\"Share On Facebook\" rel=\"nofollow\">\n                    <span class=\"dssb-sharing-icon dssb-sharing-facebook\"><\/span>\n                    <div class=\"dssb-sharing-text\" >Share On Facebook<\/div>\n                <\/a>\n            <\/div>\n\t\t\t\t<\/div>\n\t\t\t<\/div><div class=\"dssb_sharing_button dssb_sharing_button_3\">\n\t\t\t\t\n\t\t\t\t\n\t\t\t\t\n\t\t\t\t\n\t\t\t\t\n\t\t\t\t\n\t\t\t\t<div class=\"et_pb_module_inner\">\n\t\t\t\t\t\n            <div class=\"dssb-sharing-button\">\n                <a class=\"dssb-sharing-button-twitter\" href=\"https:\/\/twitter.com\/intent\/tweet?text&url\" data-network=\"twitter\" aria-label=\"Share On X\" rel=\"nofollow\">\n                    <span class=\"dssb-sharing-icon dssb-sharing-twitter\"><\/span>\n                    <div class=\"dssb-sharing-text\" >Share On X<\/div>\n                <\/a>\n            <\/div>\n\t\t\t\t<\/div>\n\t\t\t<\/div><div class=\"dssb_sharing_button dssb_sharing_button_4\">\n\t\t\t\t\n\t\t\t\t\n\t\t\t\t\n\t\t\t\t\n\t\t\t\t\n\t\t\t\t\n\t\t\t\t<div class=\"et_pb_module_inner\">\n\t\t\t\t\t\n            <div class=\"dssb-sharing-button\">\n                <a class=\"dssb-sharing-button-blogger\" href=\"https:\/\/www.blogger.com\/blog-this.g?n&t&u\" data-network=\"blogger\" aria-label=\"Share On Blogger\" rel=\"nofollow\">\n                    <span class=\"dssb-sharing-icon dssb-sharing-blogger\"><\/span>\n                    <div class=\"dssb-sharing-text\" >Share On Blogger<\/div>\n                <\/a>\n            <\/div>\n\t\t\t\t<\/div>\n\t\t\t<\/div><div class=\"dssb_sharing_button dssb_sharing_button_5\">\n\t\t\t\t\n\t\t\t\t\n\t\t\t\t\n\t\t\t\t\n\t\t\t\t\n\t\t\t\t\n\t\t\t\t<div class=\"et_pb_module_inner\">\n\t\t\t\t\t\n            <div class=\"dssb-sharing-button\">\n                <a class=\"dssb-sharing-button-pinterest\" href=\"https:\/\/pinterest.com\/pin\/create\/button\/?url&media&description\" data-network=\"pinterest\" aria-label=\"Share On Pinterest\" rel=\"nofollow\">\n                    <span class=\"dssb-sharing-icon dssb-sharing-pinterest\"><\/span>\n                    <div class=\"dssb-sharing-text\" >Share On Pinterest<\/div>\n                <\/a>\n            <\/div>\n\t\t\t\t<\/div>\n\t\t\t<\/div><div class=\"dssb_sharing_button dssb_sharing_button_6\">\n\t\t\t\t\n\t\t\t\t\n\t\t\t\t\n\t\t\t\t\n\t\t\t\t\n\t\t\t\t\n\t\t\t\t<div class=\"et_pb_module_inner\">\n\t\t\t\t\t\n            <div class=\"dssb-sharing-button\">\n                <a class=\"dssb-sharing-button-email\" href=\"mailto:?subject&body=%0D%0ALink: %0D%0A\" data-network=\"email\" aria-label=\"Share Via Email\" rel=\"nofollow\">\n                    <span class=\"dssb-sharing-icon dssb-sharing-email\"><\/span>\n                    <div class=\"dssb-sharing-text\" >Share Via Email<\/div>\n                <\/a>\n            <\/div>\n\t\t\t\t<\/div>\n\t\t\t<\/div><div class=\"dssb_sharing_button dssb_sharing_button_7\">\n\t\t\t\t\n\t\t\t\t\n\t\t\t\t\n\t\t\t\t\n\t\t\t\t\n\t\t\t\t\n\t\t\t\t<div class=\"et_pb_module_inner\">\n\t\t\t\t\t\n            <div class=\"dssb-sharing-button\">\n                <a class=\"dssb-sharing-button-gmail\" href=\"https:\/\/mail.google.com\/mail\/?view=cm&su&body=%0D%0ALink: %0D%0A\" data-network=\"gmail\" aria-label=\"Share On Gmail\" rel=\"nofollow\">\n                    <span class=\"dssb-sharing-icon dssb-sharing-gmail\"><\/span>\n                    <div class=\"dssb-sharing-text\" >Share On Gmail<\/div>\n                <\/a>\n            <\/div>\n\t\t\t\t<\/div>\n\t\t\t<\/div><div class=\"dssb_sharing_button dssb_sharing_button_8\">\n\t\t\t\t\n\t\t\t\t\n\t\t\t\t\n\t\t\t\t\n\t\t\t\t\n\t\t\t\t\n\t\t\t\t<div class=\"et_pb_module_inner\">\n\t\t\t\t\t\n            <div class=\"dssb-sharing-button\">\n                <a class=\"dssb-sharing-button-facebook\" href=\"https:\/\/www.facebook.com\/sharer.php?u\" data-network=\"facebook\" aria-label=\"Share On Facebook\" rel=\"nofollow\">\n                    <span class=\"dssb-sharing-icon dssb-sharing-facebook\"><\/span>\n                    <div class=\"dssb-sharing-text\" >Share On Facebook<\/div>\n                <\/a>\n            <\/div>\n\t\t\t\t<\/div>\n\t\t\t<\/div><\/p>\n","protected":false},"author":2,"featured_media":57999,"parent":0,"menu_order":0,"comment_status":"closed","ping_status":"closed","template":"","meta":{"_et_pb_use_builder":"on","_et_pb_old_content":"","_et_gb_content_width":"","_relevanssi_hide_post":"","_relevanssi_hide_content":"","_relevanssi_pin_for_all":"","_relevanssi_pin_keywords":"","_relevanssi_unpin_keywords":"","_relevanssi_related_keywords":"","_relevanssi_related_include_ids":"","_relevanssi_related_exclude_ids":"","_relevanssi_related_no_append":"","_relevanssi_related_not_related":"","_relevanssi_related_posts":"","_relevanssi_noindex_reason":"","footnotes":""},"class_list":["post-58033","page","type-page","status-publish","has-post-thumbnail","hentry"],"yoast_head":"<!-- This site is optimized with the Yoast SEO plugin v27.3 - https:\/\/yoast.com\/product\/yoast-seo-wordpress\/ -->\n<title>\u015eirket - Repawelt<\/title>\n<meta name=\"description\" content=\"Repawelt.de&#039;de ara\u00e7 onar\u0131m sekt\u00f6r\u00fcndeki b\u00fcy\u00fck \u015firketler, \u00fcreticiler, bayiler, ticaret, hizmetler. Haberler ve \u00fcr\u00fcnler.\" \/>\n<meta name=\"robots\" content=\"index, follow, max-snippet:-1, max-image-preview:large, max-video-preview:-1\" \/>\n<link rel=\"canonical\" href=\"https:\/\/repawelt.de\/tr\/sirket\/\" \/>\n<meta property=\"og:locale\" content=\"tr_TR\" \/>\n<meta property=\"og:type\" content=\"article\" \/>\n<meta property=\"og:title\" content=\"\u015eirket - Repawelt\" \/>\n<meta property=\"og:description\" content=\"Repawelt.de&#039;de ara\u00e7 onar\u0131m sekt\u00f6r\u00fcndeki b\u00fcy\u00fck \u015firketler, \u00fcreticiler, bayiler, ticaret, hizmetler. Haberler ve \u00fcr\u00fcnler.\" \/>\n<meta property=\"og:url\" content=\"https:\/\/repawelt.de\/tr\/sirket\/\" \/>\n<meta property=\"og:site_name\" content=\"Repawelt\" \/>\n<meta property=\"article:modified_time\" content=\"2025-02-08T16:18:52+00:00\" \/>\n<meta property=\"og:image\" content=\"https:\/\/repawelt.de\/wp-content\/uploads\/2023\/03\/Repawelt-Logo-680-x-450.jpg\" \/>\n\t<meta property=\"og:image:width\" content=\"680\" \/>\n\t<meta property=\"og:image:height\" content=\"450\" \/>\n\t<meta property=\"og:image:type\" content=\"image\/jpeg\" \/>\n<meta name=\"twitter:card\" content=\"summary_large_image\" \/>\n<meta name=\"twitter:label1\" content=\"Tahmini okuma s\u00fcresi\" \/>\n\t<meta name=\"twitter:data1\" content=\"5 dakika\" \/>\n<script type=\"application\/ld+json\" class=\"yoast-schema-graph\">{\"@context\":\"https:\\\/\\\/schema.org\",\"@graph\":[{\"@type\":\"WebPage\",\"@id\":\"https:\\\/\\\/repawelt.de\\\/tr\\\/sirket\\\/\",\"url\":\"https:\\\/\\\/repawelt.de\\\/tr\\\/sirket\\\/\",\"name\":\"\u015eirket - Repawelt\",\"isPartOf\":{\"@id\":\"https:\\\/\\\/repawelt.de\\\/tr\\\/#website\"},\"primaryImageOfPage\":{\"@id\":\"https:\\\/\\\/repawelt.de\\\/tr\\\/sirket\\\/#primaryimage\"},\"image\":{\"@id\":\"https:\\\/\\\/repawelt.de\\\/tr\\\/sirket\\\/#primaryimage\"},\"thumbnailUrl\":\"https:\\\/\\\/repawelt.de\\\/wp-content\\\/uploads\\\/2023\\\/03\\\/Repawelt-Logo-680-x-450.jpg\",\"datePublished\":\"2023-08-25T17:57:29+00:00\",\"dateModified\":\"2025-02-08T16:18:52+00:00\",\"description\":\"Repawelt.de'de ara\u00e7 onar\u0131m sekt\u00f6r\u00fcndeki b\u00fcy\u00fck \u015firketler, \u00fcreticiler, bayiler, ticaret, hizmetler. Haberler ve \u00fcr\u00fcnler.\",\"breadcrumb\":{\"@id\":\"https:\\\/\\\/repawelt.de\\\/tr\\\/sirket\\\/#breadcrumb\"},\"inLanguage\":\"tr\",\"potentialAction\":[{\"@type\":\"ReadAction\",\"target\":[\"https:\\\/\\\/repawelt.de\\\/tr\\\/sirket\\\/\"]}]},{\"@type\":\"ImageObject\",\"inLanguage\":\"tr\",\"@id\":\"https:\\\/\\\/repawelt.de\\\/tr\\\/sirket\\\/#primaryimage\",\"url\":\"https:\\\/\\\/repawelt.de\\\/wp-content\\\/uploads\\\/2023\\\/03\\\/Repawelt-Logo-680-x-450.jpg\",\"contentUrl\":\"https:\\\/\\\/repawelt.de\\\/wp-content\\\/uploads\\\/2023\\\/03\\\/Repawelt-Logo-680-x-450.jpg\",\"width\":680,\"height\":450},{\"@type\":\"BreadcrumbList\",\"@id\":\"https:\\\/\\\/repawelt.de\\\/tr\\\/sirket\\\/#breadcrumb\",\"itemListElement\":[{\"@type\":\"ListItem\",\"position\":1,\"name\":\"Startseite\",\"item\":\"https:\\\/\\\/repawelt.de\\\/tr\\\/ev\\\/\"},{\"@type\":\"ListItem\",\"position\":2,\"name\":\"\u015eirket\"}]},{\"@type\":\"WebSite\",\"@id\":\"https:\\\/\\\/repawelt.de\\\/tr\\\/#website\",\"url\":\"https:\\\/\\\/repawelt.de\\\/tr\\\/\",\"name\":\"Repawelt\",\"description\":\"Die Welt der Fahrzeugreparatur\",\"publisher\":{\"@id\":\"https:\\\/\\\/repawelt.de\\\/tr\\\/#organization\"},\"potentialAction\":[{\"@type\":\"SearchAction\",\"target\":{\"@type\":\"EntryPoint\",\"urlTemplate\":\"https:\\\/\\\/repawelt.de\\\/tr\\\/?s={search_term_string}\"},\"query-input\":{\"@type\":\"PropertyValueSpecification\",\"valueRequired\":true,\"valueName\":\"search_term_string\"}}],\"inLanguage\":\"tr\"},{\"@type\":\"Organization\",\"@id\":\"https:\\\/\\\/repawelt.de\\\/tr\\\/#organization\",\"name\":\"Repawelt\",\"url\":\"https:\\\/\\\/repawelt.de\\\/tr\\\/\",\"logo\":{\"@type\":\"ImageObject\",\"inLanguage\":\"tr\",\"@id\":\"https:\\\/\\\/repawelt.de\\\/tr\\\/#\\\/schema\\\/logo\\\/image\\\/\",\"url\":\"https:\\\/\\\/repawelt.de\\\/wp-content\\\/uploads\\\/2017\\\/10\\\/Repawelt-Favicon.png\",\"contentUrl\":\"https:\\\/\\\/repawelt.de\\\/wp-content\\\/uploads\\\/2017\\\/10\\\/Repawelt-Favicon.png\",\"width\":500,\"height\":500,\"caption\":\"Repawelt\"},\"image\":{\"@id\":\"https:\\\/\\\/repawelt.de\\\/tr\\\/#\\\/schema\\\/logo\\\/image\\\/\"}}]}<\/script>\n<!-- \/ Yoast SEO plugin. -->","yoast_head_json":{"title":"\u015eirket - Repawelt","description":"Repawelt.de'de ara\u00e7 onar\u0131m sekt\u00f6r\u00fcndeki b\u00fcy\u00fck \u015firketler, \u00fcreticiler, bayiler, ticaret, hizmetler. Haberler ve \u00fcr\u00fcnler.","robots":{"index":"index","follow":"follow","max-snippet":"max-snippet:-1","max-image-preview":"max-image-preview:large","max-video-preview":"max-video-preview:-1"},"canonical":"https:\/\/repawelt.de\/tr\/sirket\/","og_locale":"tr_TR","og_type":"article","og_title":"\u015eirket - Repawelt","og_description":"Repawelt.de'de ara\u00e7 onar\u0131m sekt\u00f6r\u00fcndeki b\u00fcy\u00fck \u015firketler, \u00fcreticiler, bayiler, ticaret, hizmetler. Haberler ve \u00fcr\u00fcnler.","og_url":"https:\/\/repawelt.de\/tr\/sirket\/","og_site_name":"Repawelt","article_modified_time":"2025-02-08T16:18:52+00:00","og_image":[{"width":680,"height":450,"url":"https:\/\/repawelt.de\/wp-content\/uploads\/2023\/03\/Repawelt-Logo-680-x-450.jpg","type":"image\/jpeg"}],"twitter_card":"summary_large_image","twitter_misc":{"Tahmini okuma s\u00fcresi":"5 dakika"},"schema":{"@context":"https:\/\/schema.org","@graph":[{"@type":"WebPage","@id":"https:\/\/repawelt.de\/tr\/sirket\/","url":"https:\/\/repawelt.de\/tr\/sirket\/","name":"\u015eirket - Repawelt","isPartOf":{"@id":"https:\/\/repawelt.de\/tr\/#website"},"primaryImageOfPage":{"@id":"https:\/\/repawelt.de\/tr\/sirket\/#primaryimage"},"image":{"@id":"https:\/\/repawelt.de\/tr\/sirket\/#primaryimage"},"thumbnailUrl":"https:\/\/repawelt.de\/wp-content\/uploads\/2023\/03\/Repawelt-Logo-680-x-450.jpg","datePublished":"2023-08-25T17:57:29+00:00","dateModified":"2025-02-08T16:18:52+00:00","description":"Repawelt.de'de ara\u00e7 onar\u0131m sekt\u00f6r\u00fcndeki b\u00fcy\u00fck \u015firketler, \u00fcreticiler, bayiler, ticaret, hizmetler. Haberler ve \u00fcr\u00fcnler.","breadcrumb":{"@id":"https:\/\/repawelt.de\/tr\/sirket\/#breadcrumb"},"inLanguage":"tr","potentialAction":[{"@type":"ReadAction","target":["https:\/\/repawelt.de\/tr\/sirket\/"]}]},{"@type":"ImageObject","inLanguage":"tr","@id":"https:\/\/repawelt.de\/tr\/sirket\/#primaryimage","url":"https:\/\/repawelt.de\/wp-content\/uploads\/2023\/03\/Repawelt-Logo-680-x-450.jpg","contentUrl":"https:\/\/repawelt.de\/wp-content\/uploads\/2023\/03\/Repawelt-Logo-680-x-450.jpg","width":680,"height":450},{"@type":"BreadcrumbList","@id":"https:\/\/repawelt.de\/tr\/sirket\/#breadcrumb","itemListElement":[{"@type":"ListItem","position":1,"name":"Startseite","item":"https:\/\/repawelt.de\/tr\/ev\/"},{"@type":"ListItem","position":2,"name":"\u015eirket"}]},{"@type":"WebSite","@id":"https:\/\/repawelt.de\/tr\/#website","url":"https:\/\/repawelt.de\/tr\/","name":"Repawelt","description":"Die Welt der Fahrzeugreparatur","publisher":{"@id":"https:\/\/repawelt.de\/tr\/#organization"},"potentialAction":[{"@type":"SearchAction","target":{"@type":"EntryPoint","urlTemplate":"https:\/\/repawelt.de\/tr\/?s={search_term_string}"},"query-input":{"@type":"PropertyValueSpecification","valueRequired":true,"valueName":"search_term_string"}}],"inLanguage":"tr"},{"@type":"Organization","@id":"https:\/\/repawelt.de\/tr\/#organization","name":"Repawelt","url":"https:\/\/repawelt.de\/tr\/","logo":{"@type":"ImageObject","inLanguage":"tr","@id":"https:\/\/repawelt.de\/tr\/#\/schema\/logo\/image\/","url":"https:\/\/repawelt.de\/wp-content\/uploads\/2017\/10\/Repawelt-Favicon.png","contentUrl":"https:\/\/repawelt.de\/wp-content\/uploads\/2017\/10\/Repawelt-Favicon.png","width":500,"height":500,"caption":"Repawelt"},"image":{"@id":"https:\/\/repawelt.de\/tr\/#\/schema\/logo\/image\/"}}]}},"_links":{"self":[{"href":"https:\/\/repawelt.de\/tr\/wp-json\/wp\/v2\/pages\/58033","targetHints":{"allow":["GET"]}}],"collection":[{"href":"https:\/\/repawelt.de\/tr\/wp-json\/wp\/v2\/pages"}],"about":[{"href":"https:\/\/repawelt.de\/tr\/wp-json\/wp\/v2\/types\/page"}],"author":[{"embeddable":true,"href":"https:\/\/repawelt.de\/tr\/wp-json\/wp\/v2\/users\/2"}],"replies":[{"embeddable":true,"href":"https:\/\/repawelt.de\/tr\/wp-json\/wp\/v2\/comments?post=58033"}],"version-history":[{"count":0,"href":"https:\/\/repawelt.de\/tr\/wp-json\/wp\/v2\/pages\/58033\/revisions"}],"wp:featuredmedia":[{"embeddable":true,"href":"https:\/\/repawelt.de\/tr\/wp-json\/wp\/v2\/media\/57999"}],"wp:attachment":[{"href":"https:\/\/repawelt.de\/tr\/wp-json\/wp\/v2\/media?parent=58033"}],"curies":[{"name":"wp","href":"https:\/\/api.w.org\/{rel}","templated":true}]}}