{"id":58027,"date":"2020-06-28T11:00:17","date_gmt":"2020-06-28T09:00:17","guid":{"rendered":"https:\/\/repawelt.de\/kuenye\/"},"modified":"2025-02-08T17:16:37","modified_gmt":"2025-02-08T16:16:37","slug":"kuenye","status":"publish","type":"page","link":"https:\/\/repawelt.de\/tr\/kuenye\/","title":{"rendered":"K\u00fcnye"},"content":{"rendered":"<p>[et_pb_section fb_built=&#8221;1&#8243; admin_label=&#8221;Repawelt Header&#8221; _builder_version=&#8221;4.16&#8243; custom_padding=&#8221;0px||8px|||&#8221; global_module=&#8221;20019&#8243; saved_tabs=&#8221;all&#8221; global_colors_info=&#8221;{}&#8221;][et_pb_row _builder_version=&#8221;4.16&#8243; background_size=&#8221;initial&#8221; background_position=&#8221;top_left&#8221; background_repeat=&#8221;repeat&#8221; custom_padding=&#8221;67px||2px|||&#8221; global_colors_info=&#8221;{}&#8221;][et_pb_column type=&#8221;4_4&#8243; _builder_version=&#8221;4.16&#8243; custom_padding=&#8221;|||&#8221; global_colors_info=&#8221;{}&#8221; custom_padding__hover=&#8221;|||&#8221;][et_pb_text admin_label=&#8221;Repawelt&#8221; _builder_version=&#8221;4.25.1&#8243; vertical_offset_tablet=&#8221;0&#8243; horizontal_offset_tablet=&#8221;0&#8243; z_index_tablet=&#8221;0&#8243; text_text_shadow_horizontal_length_tablet=&#8221;0px&#8221; text_text_shadow_vertical_length_tablet=&#8221;0px&#8221; text_text_shadow_blur_strength_tablet=&#8221;1px&#8221; link_text_shadow_horizontal_length_tablet=&#8221;0px&#8221; link_text_shadow_vertical_length_tablet=&#8221;0px&#8221; link_text_shadow_blur_strength_tablet=&#8221;1px&#8221; ul_text_shadow_horizontal_length_tablet=&#8221;0px&#8221; ul_text_shadow_vertical_length_tablet=&#8221;0px&#8221; ul_text_shadow_blur_strength_tablet=&#8221;1px&#8221; ol_text_shadow_horizontal_length_tablet=&#8221;0px&#8221; ol_text_shadow_vertical_length_tablet=&#8221;0px&#8221; ol_text_shadow_blur_strength_tablet=&#8221;1px&#8221; quote_text_shadow_horizontal_length_tablet=&#8221;0px&#8221; quote_text_shadow_vertical_length_tablet=&#8221;0px&#8221; quote_text_shadow_blur_strength_tablet=&#8221;1px&#8221; header_text_shadow_horizontal_length_tablet=&#8221;0px&#8221; header_text_shadow_vertical_length_tablet=&#8221;0px&#8221; header_text_shadow_blur_strength_tablet=&#8221;1px&#8221; header_2_text_shadow_horizontal_length_tablet=&#8221;0px&#8221; header_2_text_shadow_vertical_length_tablet=&#8221;0px&#8221; header_2_text_shadow_blur_strength_tablet=&#8221;1px&#8221; header_3_text_shadow_horizontal_length_tablet=&#8221;0px&#8221; header_3_text_shadow_vertical_length_tablet=&#8221;0px&#8221; header_3_text_shadow_blur_strength_tablet=&#8221;1px&#8221; header_4_text_shadow_horizontal_length_tablet=&#8221;0px&#8221; header_4_text_shadow_vertical_length_tablet=&#8221;0px&#8221; header_4_text_shadow_blur_strength_tablet=&#8221;1px&#8221; header_5_text_shadow_horizontal_length_tablet=&#8221;0px&#8221; header_5_text_shadow_vertical_length_tablet=&#8221;0px&#8221; header_5_text_shadow_blur_strength_tablet=&#8221;1px&#8221; header_6_text_shadow_horizontal_length_tablet=&#8221;0px&#8221; header_6_text_shadow_vertical_length_tablet=&#8221;0px&#8221; header_6_text_shadow_blur_strength_tablet=&#8221;1px&#8221; box_shadow_horizontal_tablet=&#8221;0px&#8221; box_shadow_vertical_tablet=&#8221;0px&#8221; box_shadow_blur_tablet=&#8221;40px&#8221; box_shadow_spread_tablet=&#8221;0px&#8221; global_colors_info=&#8221;{}&#8221;]<\/p>\n<h1 style=\"text-align: center;\"><strong>repawelt.de<\/strong><\/h1>\n<h2 style=\"text-align: center;\">Ara\u00e7 tamir d\u00fcnyas\u0131.<\/h2>\n<p style=\"text-align: center;\">Bilgi birikimi. \u015eirket. \u00dcr\u00fcnler. \u0130nsanlar.   <\/p>\n<p style=\"text-align: center;\">[\/et_pb_text][et_pb_search placeholder=&#8221;Repa d\u00fcnyas\u0131nda arama yap\u0131n &#8230;..  &#8221; _builder_version=&#8221;4.25.1&#8243; _module_preset=&#8221;default&#8221; global_colors_info=&#8221;{}&#8221;][\/et_pb_search][et_pb_divider divider_position=&#8221;center&#8221; _builder_version=&#8221;4.24.2&#8243; _module_preset=&#8221;default&#8221; global_colors_info=&#8221;{}&#8221;][\/et_pb_divider][\/et_pb_column][\/et_pb_row][\/et_pb_section][et_pb_section fb_built=&#8221;1&#8243; _builder_version=&#8221;4.16&#8243; custom_padding=&#8221;0px|||||&#8221; global_colors_info=&#8221;{}&#8221;][et_pb_row _builder_version=&#8221;4.16&#8243; background_size=&#8221;initial&#8221; background_position=&#8221;top_left&#8221; background_repeat=&#8221;repeat&#8221; custom_padding=&#8221;0px||2px|||&#8221; global_colors_info=&#8221;{}&#8221;][et_pb_column type=&#8221;4_4&#8243; _builder_version=&#8221;4.16&#8243; custom_padding=&#8221;|||&#8221; global_colors_info=&#8221;{}&#8221; custom_padding__hover=&#8221;|||&#8221;][et_pb_text admin_label=&#8221;Impressum&#8221; _builder_version=&#8221;4.25.1&#8243; vertical_offset_tablet=&#8221;0&#8243; horizontal_offset_tablet=&#8221;0&#8243; z_index_tablet=&#8221;0&#8243; text_text_shadow_horizontal_length_tablet=&#8221;0px&#8221; text_text_shadow_vertical_length_tablet=&#8221;0px&#8221; text_text_shadow_blur_strength_tablet=&#8221;1px&#8221; link_text_shadow_horizontal_length_tablet=&#8221;0px&#8221; link_text_shadow_vertical_length_tablet=&#8221;0px&#8221; link_text_shadow_blur_strength_tablet=&#8221;1px&#8221; ul_text_shadow_horizontal_length_tablet=&#8221;0px&#8221; ul_text_shadow_vertical_length_tablet=&#8221;0px&#8221; ul_text_shadow_blur_strength_tablet=&#8221;1px&#8221; ol_text_shadow_horizontal_length_tablet=&#8221;0px&#8221; ol_text_shadow_vertical_length_tablet=&#8221;0px&#8221; ol_text_shadow_blur_strength_tablet=&#8221;1px&#8221; quote_text_shadow_horizontal_length_tablet=&#8221;0px&#8221; quote_text_shadow_vertical_length_tablet=&#8221;0px&#8221; quote_text_shadow_blur_strength_tablet=&#8221;1px&#8221; header_text_shadow_horizontal_length_tablet=&#8221;0px&#8221; header_text_shadow_vertical_length_tablet=&#8221;0px&#8221; header_text_shadow_blur_strength_tablet=&#8221;1px&#8221; header_2_text_shadow_horizontal_length_tablet=&#8221;0px&#8221; header_2_text_shadow_vertical_length_tablet=&#8221;0px&#8221; header_2_text_shadow_blur_strength_tablet=&#8221;1px&#8221; header_3_text_shadow_horizontal_length_tablet=&#8221;0px&#8221; header_3_text_shadow_vertical_length_tablet=&#8221;0px&#8221; header_3_text_shadow_blur_strength_tablet=&#8221;1px&#8221; header_4_text_shadow_horizontal_length_tablet=&#8221;0px&#8221; header_4_text_shadow_vertical_length_tablet=&#8221;0px&#8221; header_4_text_shadow_blur_strength_tablet=&#8221;1px&#8221; header_5_text_shadow_horizontal_length_tablet=&#8221;0px&#8221; header_5_text_shadow_vertical_length_tablet=&#8221;0px&#8221; header_5_text_shadow_blur_strength_tablet=&#8221;1px&#8221; header_6_text_shadow_horizontal_length_tablet=&#8221;0px&#8221; header_6_text_shadow_vertical_length_tablet=&#8221;0px&#8221; header_6_text_shadow_blur_strength_tablet=&#8221;1px&#8221; box_shadow_horizontal_tablet=&#8221;0px&#8221; box_shadow_vertical_tablet=&#8221;0px&#8221; box_shadow_blur_tablet=&#8221;40px&#8221; box_shadow_spread_tablet=&#8221;0px&#8221; global_colors_info=&#8221;{}&#8221;]<\/p>\n<h1 style=\"text-align: left;\"><strong>K\u00fcnye<\/strong><\/h1>\n<p style=\"text-align: center;\">[\/et_pb_text][et_pb_text admin_label=&#8221;Impressum-Daten&#8221; _builder_version=&#8221;4.25.1&#8243; vertical_offset_tablet=&#8221;0&#8243; horizontal_offset_tablet=&#8221;0&#8243; z_index_tablet=&#8221;0&#8243; text_text_shadow_horizontal_length_tablet=&#8221;0px&#8221; text_text_shadow_vertical_length_tablet=&#8221;0px&#8221; text_text_shadow_blur_strength_tablet=&#8221;1px&#8221; link_text_shadow_horizontal_length_tablet=&#8221;0px&#8221; link_text_shadow_vertical_length_tablet=&#8221;0px&#8221; link_text_shadow_blur_strength_tablet=&#8221;1px&#8221; ul_text_shadow_horizontal_length_tablet=&#8221;0px&#8221; ul_text_shadow_vertical_length_tablet=&#8221;0px&#8221; ul_text_shadow_blur_strength_tablet=&#8221;1px&#8221; ol_text_shadow_horizontal_length_tablet=&#8221;0px&#8221; ol_text_shadow_vertical_length_tablet=&#8221;0px&#8221; ol_text_shadow_blur_strength_tablet=&#8221;1px&#8221; quote_text_shadow_horizontal_length_tablet=&#8221;0px&#8221; quote_text_shadow_vertical_length_tablet=&#8221;0px&#8221; quote_text_shadow_blur_strength_tablet=&#8221;1px&#8221; header_text_shadow_horizontal_length_tablet=&#8221;0px&#8221; header_text_shadow_vertical_length_tablet=&#8221;0px&#8221; header_text_shadow_blur_strength_tablet=&#8221;1px&#8221; header_2_text_shadow_horizontal_length_tablet=&#8221;0px&#8221; header_2_text_shadow_vertical_length_tablet=&#8221;0px&#8221; header_2_text_shadow_blur_strength_tablet=&#8221;1px&#8221; header_3_text_shadow_horizontal_length_tablet=&#8221;0px&#8221; header_3_text_shadow_vertical_length_tablet=&#8221;0px&#8221; header_3_text_shadow_blur_strength_tablet=&#8221;1px&#8221; header_4_text_shadow_horizontal_length_tablet=&#8221;0px&#8221; header_4_text_shadow_vertical_length_tablet=&#8221;0px&#8221; header_4_text_shadow_blur_strength_tablet=&#8221;1px&#8221; header_5_text_shadow_horizontal_length_tablet=&#8221;0px&#8221; header_5_text_shadow_vertical_length_tablet=&#8221;0px&#8221; header_5_text_shadow_blur_strength_tablet=&#8221;1px&#8221; header_6_text_shadow_horizontal_length_tablet=&#8221;0px&#8221; header_6_text_shadow_vertical_length_tablet=&#8221;0px&#8221; header_6_text_shadow_blur_strength_tablet=&#8221;1px&#8221; box_shadow_horizontal_tablet=&#8221;0px&#8221; box_shadow_vertical_tablet=&#8221;0px&#8221; box_shadow_blur_tablet=&#8221;40px&#8221; box_shadow_spread_tablet=&#8221;0px&#8221; global_colors_info=&#8221;{}&#8221;]<\/p>\n<p>Repawelt, Avrupa Birli\u011fi&#8217;nin online dergisidir.<\/p>\n<p>P<a href=\"https:\/\/www.panther-marketing.de\/\" target=\"_blank\" rel=\"noopener\">anther Pazarlama Hizmetleri<\/a> Monika Teschke Kerkener Str. 7 47906 Kempen<\/p>\n<p>\u0130leti\u015fim: <strong> Telefon:<a href=\"tel:+4925218090827\">+49 2521 80 90 827<\/a> E-posta:<a href=\"mailto:info@repawelt.de\" target=\"_blank\" rel=\"noopener noreferrer\">E-posta g\u00f6nder<\/a><\/strong><\/p>\n<p><strong>Sat\u0131\u015f vergisi kimli\u011fi:<\/strong><\/p>\n<p>\u00a7 27 a sat\u0131\u015f vergisi yasas\u0131na g\u00f6re sat\u0131\u015f vergisi kimlik numaras\u0131: DE273314464<\/p>\n<p><strong>\u00a7 55 Abs. 2 RStV uyar\u0131nca i\u00e7erikten sorumludur: <\/strong><\/p>\n<p>Michael Teschke Kerkener Str.7 47906 Kempen<\/p>\n<p>&nbsp;<\/p>\n<p>[\/et_pb_text][\/et_pb_column][\/et_pb_row][\/et_pb_section][et_pb_section fb_built=&#8221;1&#8243; admin_label=&#8221;Gender-Hinweis&#8221; _builder_version=&#8221;4.25.1&#8243; _module_preset=&#8221;default&#8221; global_colors_info=&#8221;{}&#8221; global_module=&#8221;21063&#8243; theme_builder_area=&#8221;post_content&#8221;][et_pb_row _builder_version=&#8221;4.25.1&#8243; _module_preset=&#8221;default&#8221; global_colors_info=&#8221;{}&#8221; theme_builder_area=&#8221;post_content&#8221;][et_pb_column type=&#8221;4_4&#8243; _builder_version=&#8221;4.25.1&#8243; _module_preset=&#8221;default&#8221; global_colors_info=&#8221;{}&#8221; theme_builder_area=&#8221;post_content&#8221;][et_pb_text _builder_version=&#8221;4.25.1&#8243; _module_preset=&#8221;default&#8221; global_colors_info=&#8221;{}&#8221; theme_builder_area=&#8221;post_content&#8221;]<\/p>\n<p><strong>Cinsiyet notu<\/strong><\/p>\n<p>Daha iyi okunabilirlik nedeniyle, bu web sitesindeki ki\u015fisel tan\u0131mlamalar ve ki\u015fisel isimler i\u00e7in \u00f6ncelikle eril form (genel eril) kullan\u0131l\u0131r. Kar\u015f\u0131l\u0131k gelen terimler, e\u015fit muamele amac\u0131yla t\u00fcm cinsiyetler i\u00e7in ge\u00e7erlidir. K\u0131salt\u0131lm\u0131\u015f dil formu yaln\u0131zca editoryal nedenlerden dolay\u0131d\u0131r ve herhangi bir yarg\u0131 anlam\u0131na gelmez.  <\/p>\n<p>[\/et_pb_text][\/et_pb_column][\/et_pb_row][\/et_pb_section][et_pb_section fb_built=&#8221;1&#8243; _builder_version=&#8221;4.24.2&#8243; _module_preset=&#8221;default&#8221; custom_padding=&#8221;2px|||||&#8221; locked=&#8221;off&#8221; global_colors_info=&#8221;{}&#8221;][et_pb_row _builder_version=&#8221;4.24.2&#8243; _module_preset=&#8221;default&#8221; global_colors_info=&#8221;{}&#8221;][et_pb_column type=&#8221;4_4&#8243; _builder_version=&#8221;4.24.2&#8243; _module_preset=&#8221;default&#8221; global_colors_info=&#8221;{}&#8221;][et_pb_divider divider_position=&#8221;center&#8221; _builder_version=&#8221;4.24.2&#8243; _module_preset=&#8221;default&#8221; global_colors_info=&#8221;{}&#8221;][\/et_pb_divider][et_pb_text admin_label=&#8221;News&#8221; _builder_version=&#8221;4.25.1&#8243; _module_preset=&#8221;default&#8221; global_colors_info=&#8221;{}&#8221;]<\/p>\n<h2><strong>Haberler<\/strong><\/h2>\n<p style=\"text-align: center;\">[\/et_pb_text][et_pb_blog fullwidth=&#8221;off&#8221; posts_number=&#8221;12&#8243; include_categories=&#8221;976&#8243; show_more=&#8221;on&#8221; show_author=&#8221;off&#8221; show_date=&#8221;off&#8221; show_categories=&#8221;off&#8221; admin_label=&#8221;Blog &#8211; News&#8221; _builder_version=&#8221;4.24.2&#8243; _module_preset=&#8221;default&#8221; header_font=&#8221;|700|||||||&#8221; header_font_size=&#8221;12px&#8221; body_text_align=&#8221;left&#8221; body_font_size=&#8221;12px&#8221; body_line_height=&#8221;1.5em&#8221; global_colors_info=&#8221;{}&#8221;][\/et_pb_blog][et_pb_divider divider_position=&#8221;center&#8221; _builder_version=&#8221;4.24.2&#8243; _module_preset=&#8221;default&#8221; global_colors_info=&#8221;{}&#8221;][\/et_pb_divider][et_pb_text admin_label=&#8221;Unternehmen&#8221; _builder_version=&#8221;4.25.1&#8243; _module_preset=&#8221;default&#8221; global_colors_info=&#8221;{}&#8221;]<\/p>\n<h2><strong>\u015eirket<\/strong><\/h2>\n<p style=\"text-align: center;\">[\/et_pb_text][et_pb_blog fullwidth=&#8221;off&#8221; posts_number=&#8221;12&#8243; include_categories=&#8221;907&#8243; show_more=&#8221;on&#8221; show_author=&#8221;off&#8221; show_date=&#8221;off&#8221; show_categories=&#8221;off&#8221; admin_label=&#8221;Blog &#8211; Unternehmen&#8221; _builder_version=&#8221;4.24.2&#8243; _module_preset=&#8221;default&#8221; header_font=&#8221;|700|||||||&#8221; header_font_size=&#8221;12px&#8221; body_text_align=&#8221;left&#8221; body_font_size=&#8221;12px&#8221; body_line_height=&#8221;1.5em&#8221; border_width_all_image=&#8221;1px&#8221; border_color_all_image=&#8221;#d6d6d6&#8243; global_colors_info=&#8221;{}&#8221;][\/et_pb_blog][et_pb_divider divider_position=&#8221;center&#8221; _builder_version=&#8221;4.24.2&#8243; _module_preset=&#8221;default&#8221; global_colors_info=&#8221;{}&#8221;][\/et_pb_divider][\/et_pb_column][\/et_pb_row][\/et_pb_section]<\/p>\n","protected":false},"excerpt":{"rendered":"<p>repawelt.de Ara\u00e7 tamir d\u00fcnyas\u0131. Bilgi birikimi. \u015eirket. \u00dcr\u00fcnler. \u0130nsanlar. K\u00fcnye Repawelt, Avrupa Birli\u011fi&#8217;nin online dergisidir. Panther Pazarlama Hizmetleri Monika Teschke Kerkener Str. 7 47906 Kempen \u0130leti\u015fim: Telefon:+49 2521 80 90 827 E-posta:E-posta g\u00f6nder Sat\u0131\u015f vergisi kimli\u011fi: \u00a7 27 a sat\u0131\u015f vergisi yasas\u0131na g\u00f6re sat\u0131\u015f vergisi kimlik numaras\u0131: DE273314464 \u00a7 55 Abs. 2 RStV uyar\u0131nca i\u00e7erikten [&hellip;]<\/p>\n","protected":false},"author":2,"featured_media":57999,"parent":0,"menu_order":4,"comment_status":"closed","ping_status":"closed","template":"","meta":{"_et_pb_use_builder":"on","_et_pb_old_content":"","_et_gb_content_width":"","_relevanssi_hide_post":"","_relevanssi_hide_content":"","_relevanssi_pin_for_all":"","_relevanssi_pin_keywords":"","_relevanssi_unpin_keywords":"","_relevanssi_related_keywords":"","_relevanssi_related_include_ids":"","_relevanssi_related_exclude_ids":"","_relevanssi_related_no_append":"","_relevanssi_related_not_related":"","_relevanssi_related_posts":"","_relevanssi_noindex_reason":"","footnotes":""},"class_list":["post-58027","page","type-page","status-publish","has-post-thumbnail","hentry"],"yoast_head":"<!-- This site is optimized with the Yoast SEO plugin v27.3 - https:\/\/yoast.com\/product\/yoast-seo-wordpress\/ -->\n<title>Imprint - Ara\u00e7 onar\u0131m\u0131n\u0131n t\u00fcm d\u00fcnyas\u0131 | Repawelt<\/title>\n<meta name=\"description\" content=\"Repawelt online dergisinin k\u00fcnyesi. \u00dcreticiler, bayiler, at\u00f6lyeler, \u00fcr\u00fcnler, ara\u00e7 onar\u0131mlar\u0131 hakk\u0131nda haberler.\" \/>\n<meta name=\"robots\" content=\"index, follow, max-snippet:-1, max-image-preview:large, max-video-preview:-1\" \/>\n<link rel=\"canonical\" href=\"https:\/\/repawelt.de\/tr\/kuenye\/\" \/>\n<meta property=\"og:locale\" content=\"tr_TR\" \/>\n<meta property=\"og:type\" content=\"article\" \/>\n<meta property=\"og:title\" content=\"Imprint - Ara\u00e7 onar\u0131m\u0131n\u0131n t\u00fcm d\u00fcnyas\u0131 | Repawelt\" \/>\n<meta property=\"og:description\" content=\"Repawelt online dergisinin k\u00fcnyesi. \u00dcreticiler, bayiler, at\u00f6lyeler, \u00fcr\u00fcnler, ara\u00e7 onar\u0131mlar\u0131 hakk\u0131nda haberler.\" \/>\n<meta property=\"og:url\" content=\"https:\/\/repawelt.de\/tr\/kuenye\/\" \/>\n<meta property=\"og:site_name\" content=\"Repawelt\" \/>\n<meta property=\"article:modified_time\" content=\"2025-02-08T16:16:37+00:00\" \/>\n<meta property=\"og:image\" content=\"https:\/\/repawelt.de\/wp-content\/uploads\/2023\/03\/Repawelt-Logo-680-x-450.jpg\" \/>\n\t<meta property=\"og:image:width\" content=\"680\" \/>\n\t<meta property=\"og:image:height\" content=\"450\" \/>\n\t<meta property=\"og:image:type\" content=\"image\/jpeg\" \/>\n<meta name=\"twitter:card\" content=\"summary_large_image\" \/>\n<meta name=\"twitter:label1\" content=\"Tahmini okuma s\u00fcresi\" \/>\n\t<meta name=\"twitter:data1\" content=\"7 dakika\" \/>\n<script type=\"application\/ld+json\" class=\"yoast-schema-graph\">{\"@context\":\"https:\\\/\\\/schema.org\",\"@graph\":[{\"@type\":\"WebPage\",\"@id\":\"https:\\\/\\\/repawelt.de\\\/tr\\\/kuenye\\\/\",\"url\":\"https:\\\/\\\/repawelt.de\\\/tr\\\/kuenye\\\/\",\"name\":\"Imprint - Ara\u00e7 onar\u0131m\u0131n\u0131n t\u00fcm d\u00fcnyas\u0131 | Repawelt\",\"isPartOf\":{\"@id\":\"https:\\\/\\\/repawelt.de\\\/tr\\\/#website\"},\"primaryImageOfPage\":{\"@id\":\"https:\\\/\\\/repawelt.de\\\/tr\\\/kuenye\\\/#primaryimage\"},\"image\":{\"@id\":\"https:\\\/\\\/repawelt.de\\\/tr\\\/kuenye\\\/#primaryimage\"},\"thumbnailUrl\":\"https:\\\/\\\/repawelt.de\\\/wp-content\\\/uploads\\\/2023\\\/03\\\/Repawelt-Logo-680-x-450.jpg\",\"datePublished\":\"2020-06-28T09:00:17+00:00\",\"dateModified\":\"2025-02-08T16:16:37+00:00\",\"description\":\"Repawelt online dergisinin k\u00fcnyesi. \u00dcreticiler, bayiler, at\u00f6lyeler, \u00fcr\u00fcnler, ara\u00e7 onar\u0131mlar\u0131 hakk\u0131nda haberler.\",\"breadcrumb\":{\"@id\":\"https:\\\/\\\/repawelt.de\\\/tr\\\/kuenye\\\/#breadcrumb\"},\"inLanguage\":\"tr\",\"potentialAction\":[{\"@type\":\"ReadAction\",\"target\":[\"https:\\\/\\\/repawelt.de\\\/tr\\\/kuenye\\\/\"]}]},{\"@type\":\"ImageObject\",\"inLanguage\":\"tr\",\"@id\":\"https:\\\/\\\/repawelt.de\\\/tr\\\/kuenye\\\/#primaryimage\",\"url\":\"https:\\\/\\\/repawelt.de\\\/wp-content\\\/uploads\\\/2023\\\/03\\\/Repawelt-Logo-680-x-450.jpg\",\"contentUrl\":\"https:\\\/\\\/repawelt.de\\\/wp-content\\\/uploads\\\/2023\\\/03\\\/Repawelt-Logo-680-x-450.jpg\",\"width\":680,\"height\":450},{\"@type\":\"BreadcrumbList\",\"@id\":\"https:\\\/\\\/repawelt.de\\\/tr\\\/kuenye\\\/#breadcrumb\",\"itemListElement\":[{\"@type\":\"ListItem\",\"position\":1,\"name\":\"Startseite\",\"item\":\"https:\\\/\\\/repawelt.de\\\/tr\\\/ev\\\/\"},{\"@type\":\"ListItem\",\"position\":2,\"name\":\"K\u00fcnye\"}]},{\"@type\":\"WebSite\",\"@id\":\"https:\\\/\\\/repawelt.de\\\/tr\\\/#website\",\"url\":\"https:\\\/\\\/repawelt.de\\\/tr\\\/\",\"name\":\"Repawelt\",\"description\":\"Die Welt der Fahrzeugreparatur\",\"publisher\":{\"@id\":\"https:\\\/\\\/repawelt.de\\\/tr\\\/#organization\"},\"potentialAction\":[{\"@type\":\"SearchAction\",\"target\":{\"@type\":\"EntryPoint\",\"urlTemplate\":\"https:\\\/\\\/repawelt.de\\\/tr\\\/?s={search_term_string}\"},\"query-input\":{\"@type\":\"PropertyValueSpecification\",\"valueRequired\":true,\"valueName\":\"search_term_string\"}}],\"inLanguage\":\"tr\"},{\"@type\":\"Organization\",\"@id\":\"https:\\\/\\\/repawelt.de\\\/tr\\\/#organization\",\"name\":\"Repawelt\",\"url\":\"https:\\\/\\\/repawelt.de\\\/tr\\\/\",\"logo\":{\"@type\":\"ImageObject\",\"inLanguage\":\"tr\",\"@id\":\"https:\\\/\\\/repawelt.de\\\/tr\\\/#\\\/schema\\\/logo\\\/image\\\/\",\"url\":\"https:\\\/\\\/repawelt.de\\\/wp-content\\\/uploads\\\/2017\\\/10\\\/Repawelt-Favicon.png\",\"contentUrl\":\"https:\\\/\\\/repawelt.de\\\/wp-content\\\/uploads\\\/2017\\\/10\\\/Repawelt-Favicon.png\",\"width\":500,\"height\":500,\"caption\":\"Repawelt\"},\"image\":{\"@id\":\"https:\\\/\\\/repawelt.de\\\/tr\\\/#\\\/schema\\\/logo\\\/image\\\/\"}}]}<\/script>\n<!-- \/ Yoast SEO plugin. -->","yoast_head_json":{"title":"Imprint - Ara\u00e7 onar\u0131m\u0131n\u0131n t\u00fcm d\u00fcnyas\u0131 | Repawelt","description":"Repawelt online dergisinin k\u00fcnyesi. \u00dcreticiler, bayiler, at\u00f6lyeler, \u00fcr\u00fcnler, ara\u00e7 onar\u0131mlar\u0131 hakk\u0131nda haberler.","robots":{"index":"index","follow":"follow","max-snippet":"max-snippet:-1","max-image-preview":"max-image-preview:large","max-video-preview":"max-video-preview:-1"},"canonical":"https:\/\/repawelt.de\/tr\/kuenye\/","og_locale":"tr_TR","og_type":"article","og_title":"Imprint - Ara\u00e7 onar\u0131m\u0131n\u0131n t\u00fcm d\u00fcnyas\u0131 | Repawelt","og_description":"Repawelt online dergisinin k\u00fcnyesi. \u00dcreticiler, bayiler, at\u00f6lyeler, \u00fcr\u00fcnler, ara\u00e7 onar\u0131mlar\u0131 hakk\u0131nda haberler.","og_url":"https:\/\/repawelt.de\/tr\/kuenye\/","og_site_name":"Repawelt","article_modified_time":"2025-02-08T16:16:37+00:00","og_image":[{"width":680,"height":450,"url":"https:\/\/repawelt.de\/wp-content\/uploads\/2023\/03\/Repawelt-Logo-680-x-450.jpg","type":"image\/jpeg"}],"twitter_card":"summary_large_image","twitter_misc":{"Tahmini okuma s\u00fcresi":"7 dakika"},"schema":{"@context":"https:\/\/schema.org","@graph":[{"@type":"WebPage","@id":"https:\/\/repawelt.de\/tr\/kuenye\/","url":"https:\/\/repawelt.de\/tr\/kuenye\/","name":"Imprint - Ara\u00e7 onar\u0131m\u0131n\u0131n t\u00fcm d\u00fcnyas\u0131 | Repawelt","isPartOf":{"@id":"https:\/\/repawelt.de\/tr\/#website"},"primaryImageOfPage":{"@id":"https:\/\/repawelt.de\/tr\/kuenye\/#primaryimage"},"image":{"@id":"https:\/\/repawelt.de\/tr\/kuenye\/#primaryimage"},"thumbnailUrl":"https:\/\/repawelt.de\/wp-content\/uploads\/2023\/03\/Repawelt-Logo-680-x-450.jpg","datePublished":"2020-06-28T09:00:17+00:00","dateModified":"2025-02-08T16:16:37+00:00","description":"Repawelt online dergisinin k\u00fcnyesi. \u00dcreticiler, bayiler, at\u00f6lyeler, \u00fcr\u00fcnler, ara\u00e7 onar\u0131mlar\u0131 hakk\u0131nda haberler.","breadcrumb":{"@id":"https:\/\/repawelt.de\/tr\/kuenye\/#breadcrumb"},"inLanguage":"tr","potentialAction":[{"@type":"ReadAction","target":["https:\/\/repawelt.de\/tr\/kuenye\/"]}]},{"@type":"ImageObject","inLanguage":"tr","@id":"https:\/\/repawelt.de\/tr\/kuenye\/#primaryimage","url":"https:\/\/repawelt.de\/wp-content\/uploads\/2023\/03\/Repawelt-Logo-680-x-450.jpg","contentUrl":"https:\/\/repawelt.de\/wp-content\/uploads\/2023\/03\/Repawelt-Logo-680-x-450.jpg","width":680,"height":450},{"@type":"BreadcrumbList","@id":"https:\/\/repawelt.de\/tr\/kuenye\/#breadcrumb","itemListElement":[{"@type":"ListItem","position":1,"name":"Startseite","item":"https:\/\/repawelt.de\/tr\/ev\/"},{"@type":"ListItem","position":2,"name":"K\u00fcnye"}]},{"@type":"WebSite","@id":"https:\/\/repawelt.de\/tr\/#website","url":"https:\/\/repawelt.de\/tr\/","name":"Repawelt","description":"Die Welt der Fahrzeugreparatur","publisher":{"@id":"https:\/\/repawelt.de\/tr\/#organization"},"potentialAction":[{"@type":"SearchAction","target":{"@type":"EntryPoint","urlTemplate":"https:\/\/repawelt.de\/tr\/?s={search_term_string}"},"query-input":{"@type":"PropertyValueSpecification","valueRequired":true,"valueName":"search_term_string"}}],"inLanguage":"tr"},{"@type":"Organization","@id":"https:\/\/repawelt.de\/tr\/#organization","name":"Repawelt","url":"https:\/\/repawelt.de\/tr\/","logo":{"@type":"ImageObject","inLanguage":"tr","@id":"https:\/\/repawelt.de\/tr\/#\/schema\/logo\/image\/","url":"https:\/\/repawelt.de\/wp-content\/uploads\/2017\/10\/Repawelt-Favicon.png","contentUrl":"https:\/\/repawelt.de\/wp-content\/uploads\/2017\/10\/Repawelt-Favicon.png","width":500,"height":500,"caption":"Repawelt"},"image":{"@id":"https:\/\/repawelt.de\/tr\/#\/schema\/logo\/image\/"}}]}},"_links":{"self":[{"href":"https:\/\/repawelt.de\/tr\/wp-json\/wp\/v2\/pages\/58027","targetHints":{"allow":["GET"]}}],"collection":[{"href":"https:\/\/repawelt.de\/tr\/wp-json\/wp\/v2\/pages"}],"about":[{"href":"https:\/\/repawelt.de\/tr\/wp-json\/wp\/v2\/types\/page"}],"author":[{"embeddable":true,"href":"https:\/\/repawelt.de\/tr\/wp-json\/wp\/v2\/users\/2"}],"replies":[{"embeddable":true,"href":"https:\/\/repawelt.de\/tr\/wp-json\/wp\/v2\/comments?post=58027"}],"version-history":[{"count":0,"href":"https:\/\/repawelt.de\/tr\/wp-json\/wp\/v2\/pages\/58027\/revisions"}],"wp:featuredmedia":[{"embeddable":true,"href":"https:\/\/repawelt.de\/tr\/wp-json\/wp\/v2\/media\/57999"}],"wp:attachment":[{"href":"https:\/\/repawelt.de\/tr\/wp-json\/wp\/v2\/media?parent=58027"}],"curies":[{"name":"wp","href":"https:\/\/api.w.org\/{rel}","templated":true}]}}