{"id":58009,"date":"2024-02-25T14:25:28","date_gmt":"2024-02-25T13:25:28","guid":{"rendered":"https:\/\/repawelt.de\/repawelt-ansiklopedisi\/"},"modified":"2025-02-08T17:13:22","modified_gmt":"2025-02-08T16:13:22","slug":"repawelt-ansiklopedisi","status":"publish","type":"page","link":"https:\/\/repawelt.de\/tr\/repawelt-ansiklopedisi\/","title":{"rendered":"Repawelt ansiklopedisi"},"content":{"rendered":"<p>[et_pb_section fb_built=&#8221;1&#8243; admin_label=&#8221;Repawelt Header&#8221; _builder_version=&#8221;4.16&#8243; custom_padding=&#8221;0px||8px|||&#8221; global_module=&#8221;20019&#8243; saved_tabs=&#8221;all&#8221; global_colors_info=&#8221;{}&#8221;][et_pb_row _builder_version=&#8221;4.16&#8243; background_size=&#8221;initial&#8221; background_position=&#8221;top_left&#8221; background_repeat=&#8221;repeat&#8221; custom_padding=&#8221;67px||2px|||&#8221; global_colors_info=&#8221;{}&#8221;][et_pb_column type=&#8221;4_4&#8243; _builder_version=&#8221;4.16&#8243; custom_padding=&#8221;|||&#8221; global_colors_info=&#8221;{}&#8221; custom_padding__hover=&#8221;|||&#8221;][et_pb_text admin_label=&#8221;Repawelt&#8221; _builder_version=&#8221;4.25.1&#8243; vertical_offset_tablet=&#8221;0&#8243; horizontal_offset_tablet=&#8221;0&#8243; z_index_tablet=&#8221;0&#8243; text_text_shadow_horizontal_length_tablet=&#8221;0px&#8221; text_text_shadow_vertical_length_tablet=&#8221;0px&#8221; text_text_shadow_blur_strength_tablet=&#8221;1px&#8221; link_text_shadow_horizontal_length_tablet=&#8221;0px&#8221; link_text_shadow_vertical_length_tablet=&#8221;0px&#8221; link_text_shadow_blur_strength_tablet=&#8221;1px&#8221; ul_text_shadow_horizontal_length_tablet=&#8221;0px&#8221; ul_text_shadow_vertical_length_tablet=&#8221;0px&#8221; ul_text_shadow_blur_strength_tablet=&#8221;1px&#8221; ol_text_shadow_horizontal_length_tablet=&#8221;0px&#8221; ol_text_shadow_vertical_length_tablet=&#8221;0px&#8221; ol_text_shadow_blur_strength_tablet=&#8221;1px&#8221; quote_text_shadow_horizontal_length_tablet=&#8221;0px&#8221; quote_text_shadow_vertical_length_tablet=&#8221;0px&#8221; quote_text_shadow_blur_strength_tablet=&#8221;1px&#8221; header_text_shadow_horizontal_length_tablet=&#8221;0px&#8221; header_text_shadow_vertical_length_tablet=&#8221;0px&#8221; header_text_shadow_blur_strength_tablet=&#8221;1px&#8221; header_2_text_shadow_horizontal_length_tablet=&#8221;0px&#8221; header_2_text_shadow_vertical_length_tablet=&#8221;0px&#8221; header_2_text_shadow_blur_strength_tablet=&#8221;1px&#8221; header_3_text_shadow_horizontal_length_tablet=&#8221;0px&#8221; header_3_text_shadow_vertical_length_tablet=&#8221;0px&#8221; header_3_text_shadow_blur_strength_tablet=&#8221;1px&#8221; header_4_text_shadow_horizontal_length_tablet=&#8221;0px&#8221; header_4_text_shadow_vertical_length_tablet=&#8221;0px&#8221; header_4_text_shadow_blur_strength_tablet=&#8221;1px&#8221; header_5_text_shadow_horizontal_length_tablet=&#8221;0px&#8221; header_5_text_shadow_vertical_length_tablet=&#8221;0px&#8221; header_5_text_shadow_blur_strength_tablet=&#8221;1px&#8221; header_6_text_shadow_horizontal_length_tablet=&#8221;0px&#8221; header_6_text_shadow_vertical_length_tablet=&#8221;0px&#8221; header_6_text_shadow_blur_strength_tablet=&#8221;1px&#8221; box_shadow_horizontal_tablet=&#8221;0px&#8221; box_shadow_vertical_tablet=&#8221;0px&#8221; box_shadow_blur_tablet=&#8221;40px&#8221; box_shadow_spread_tablet=&#8221;0px&#8221; global_colors_info=&#8221;{}&#8221;]<\/p>\n<h1 style=\"text-align: center;\"><strong>repawelt.de<\/strong><\/h1>\n<h2 style=\"text-align: center;\">Ara\u00e7 tamir d\u00fcnyas\u0131.<\/h2>\n<p style=\"text-align: center;\">Bilgi birikimi. \u015eirket. \u00dcr\u00fcnler. \u0130nsanlar.   <\/p>\n<p style=\"text-align: center;\">[\/et_pb_text][et_pb_search placeholder=&#8221;Repa d\u00fcnyas\u0131nda arama yap\u0131n &#8230;..  &#8221; _builder_version=&#8221;4.25.1&#8243; _module_preset=&#8221;default&#8221; global_colors_info=&#8221;{}&#8221;][\/et_pb_search][et_pb_divider divider_position=&#8221;center&#8221; _builder_version=&#8221;4.24.2&#8243; _module_preset=&#8221;default&#8221; global_colors_info=&#8221;{}&#8221;][\/et_pb_divider][\/et_pb_column][\/et_pb_row][\/et_pb_section][et_pb_section fb_built=&#8221;1&#8243; admin_label=&#8221;section&#8221; _builder_version=&#8221;4.16&#8243; custom_padding=&#8221;0px|||||&#8221; global_colors_info=&#8221;{}&#8221;][et_pb_row admin_label=&#8221;s\u0131ra&#8221; _builder_version=&#8221;4.25.1&#8243; background_size=&#8221;initial&#8221; background_position=&#8221;top_left&#8221; background_repeat=&#8221;repeat&#8221; global_colors_info=&#8221;{}&#8221;][et_pb_column type=&#8221;4_4&#8243; _builder_version=&#8221;4.16&#8243; custom_padding=&#8221;|||&#8221; global_colors_info=&#8221;{}&#8221; custom_padding__hover=&#8221;|||&#8221;][et_pb_text admin_label=&#8221;Repawelt-Lexikon (Headline)&#8221; _builder_version=&#8221;4.25.1&#8243; _module_preset=&#8221;default&#8221; global_colors_info=&#8221;{}&#8221;]<\/p>\n<h1><strong>Lexicon<\/strong><\/h1>\n<p>[\/et_pb_text][et_pb_text admin_label=&#8221;Einleitung&#8221; _builder_version=&#8221;4.25.1&#8243; _module_preset=&#8221;default&#8221; global_colors_info=&#8221;{}&#8221;]<\/p>\n<p>Repawelt s\u00f6zl\u00fc\u011f\u00fc, ara\u00e7 onar\u0131m end\u00fcstrisinde kullan\u0131lan terimlerin k\u0131sa tan\u0131mlar\u0131n\u0131 ve a\u00e7\u0131klamalar\u0131n\u0131 i\u00e7erir. S\u00f6zl\u00fck ayn\u0131 zamanda bir s\u00f6zl\u00fck i\u015flevi g\u00f6r\u00fcr. S\u00f6zl\u00fck terimleri, ana sayfam\u0131zdaki metinlerde ve makalelerde alt\u0131 \u00e7izili olarak yer al\u0131r ve bilgilerin, metinlerin, makalelerin ve sayfalar\u0131n anla\u015f\u0131labilirli\u011fini ve kullan\u0131\u015fl\u0131l\u0131\u011f\u0131n\u0131 art\u0131rmak i\u00e7in bir s\u00f6zl\u00fck (s\u00f6zl\u00fck) g\u00f6revi g\u00f6r\u00fcr.    <\/p>\n<p>[\/et_pb_text][et_pb_text admin_label=&#8221;Glossary&#8221; _builder_version=&#8221;4.24.2&#8243; background_size=&#8221;initial&#8221; background_position=&#8221;top_left&#8221; background_repeat=&#8221;repeat&#8221; global_colors_info=&#8221;{}&#8221;]<\/p>\n<div class=\"cm-glossary\"><div class=\"glossary-container \"><input type=\"hidden\" class=\"cmtt-attribute-field\" name=\"glossary_index_style\" value=\"classic\">        <div class=\"progress-indicator\" style=\"display:none\">\r\n                            <img decoding=\"async\" src=\"https:\/\/repawelt.de\/wp-content\/plugins\/TooltipProPlus\/assets\/css\/images\/ajax-loader.gif\" alt=\"AJAX progress indicator\"\/>\r\n                    <\/div>\r\n\t\t<div class=\"glossary_top_filter\">\r\n\t\t\t<div class=\"left\">\r\n\t\t\t\t\t\t\t\t\t\t<div class=\"cmtt_help glossary-search-helpitem\"\r\n\t\t\t\t\t\t     data-cmtooltip=\"The search returns the partial search for the given query from both the term title and description. So it will return the results even if the given query is part of the word in the description.\"><\/div>\r\n\t\t\t\t\t\t\t\t\t\t<span class=\"glossary-search-label\">Search:<\/span>\r\n\t\t\t\t\t<div class=\"glossary-search-wrapper\">\r\n\t\t\t\t\t\t\t\t\t\t\t\t<input value=\"\"\r\n\t\t\t\t\t\t       placeholder=\"\"\r\n\t\t\t\t\t\t       class=\"glossary-search-term \" name=\"glossary-search-term\"\r\n\t\t\t\t\t\t       id=\"glossary-search-term\"\r\n                               aria-label=\"Search\"\/>\r\n\t\t\t\t\t\t<button type=\"submit\" id=\"glossary-search\"\r\n\t\t\t\t\t\t        class=\"glossary-search button\">Search<\/button>\r\n\t\t\t\t\t<\/div>\r\n\t\t\t\t\t<a class=\"glossary-search-clear\" title=\"Clear the input\"\r\n\t\t\t\t\t   href=\"\">\r\n\t\t\t\t\t\t(clear)\t\t\t\t\t<\/a>\r\n\t\t\t\t\t\t\t\t<\/div>\r\n\t\t\t\t\t<\/div>\r\n\r\n\t\t<input type=\"hidden\" class=\"cmtt-attribute-field\" name=\"disable_listnav\"\r\n\t\t       value=\"0\"\/>\r\n\t\t<input type=\"hidden\" class=\"cmtt-attribute-field\" name=\"exact_search\"\r\n\t\t       value=\"0\"\/>\r\n\t\t<input type=\"hidden\" class=\"cmtt-attribute-field\" name=\"show_search\"\r\n\t\t       value=\"1\"\/>\r\n\t\t<input type=\"hidden\" class=\"glossary-hide-terms\" name=\"glossary-hide-terms\"\r\n\t\t       value=\"0\"\/>\r\n\t\t<input type=\"hidden\" class=\"glossary-hide-categories\" name=\"glossary-hide-categories\"\r\n\t\t       value=\"0\"\/>\r\n\t\t<input type=\"hidden\" class=\"glossary-hide-abbrevs\" name=\"glossary-hide-abbrevs\"\r\n\t\t       value=\"0\"\/>\r\n\t\t<input type=\"hidden\" class=\"glossary-hide-synonyms\" name=\"glossary-hide-synonyms\"\r\n\t\t       value=\"0\"\/>\r\n\t\t<input type=\"hidden\" class=\"glossary-perpage\" name=\"glossary-perpage\"\r\n\t\t       value=\"0\"\/>\r\n\t\t<input type=\"hidden\" name=\"tooltip_language\"\r\n\t\t       value=\"\"\/>\r\n\t\t<input type=\"hidden\" name=\"language_dropdown\"\r\n\t\t       value=\"\"\/>\r\n\t\t<input type=\"hidden\" name=\"languages_for_table\"\r\n\t\t       value=\"\"\/>\r\n\t\t<div id=\"glossaryList-nav\" class=\"listNav small\" role=\"tablist\"><\/div><span class=\"error\">Nothing found. Please change the filters.<\/span><\/div><\/div>\n<p>[\/et_pb_text][\/et_pb_column][\/et_pb_row][\/et_pb_section][et_pb_section fb_built=&#8221;1&#8243; admin_label=&#8221;Gender-Hinweis&#8221; _builder_version=&#8221;4.25.1&#8243; _module_preset=&#8221;default&#8221; custom_padding=&#8221;8px||9px|||&#8221; global_module=&#8221;21063&#8243; global_colors_info=&#8221;{}&#8221;][et_pb_row _builder_version=&#8221;4.25.1&#8243; _module_preset=&#8221;default&#8221; global_colors_info=&#8221;{}&#8221;][et_pb_column type=&#8221;4_4&#8243; _builder_version=&#8221;4.25.1&#8243; _module_preset=&#8221;default&#8221; global_colors_info=&#8221;{}&#8221;][et_pb_text _builder_version=&#8221;4.25.1&#8243; _module_preset=&#8221;default&#8221; global_colors_info=&#8221;{}&#8221;]<\/p>\n<p><strong>Cinsiyet notu<\/strong><\/p>\n<p>Daha iyi okunabilirlik nedeniyle, bu web sitesindeki ki\u015fisel tan\u0131mlamalar ve ki\u015fisel isimler i\u00e7in \u00f6ncelikle eril form (genel eril) kullan\u0131l\u0131r. Kar\u015f\u0131l\u0131k gelen terimler, e\u015fit muamele amac\u0131yla t\u00fcm cinsiyetler i\u00e7in ge\u00e7erlidir. K\u0131salt\u0131lm\u0131\u015f dil formu yaln\u0131zca editoryal nedenlerden dolay\u0131d\u0131r ve herhangi bir yarg\u0131 anlam\u0131na gelmez.  <\/p>\n<p>[\/et_pb_text][\/et_pb_column][\/et_pb_row][\/et_pb_section]<\/p>\n","protected":false},"excerpt":{"rendered":"<p>repawelt.de Ara\u00e7 tamir d\u00fcnyas\u0131. Bilgi birikimi. \u015eirket. \u00dcr\u00fcnler. \u0130nsanlar. LexiconRepawelt s\u00f6zl\u00fc\u011f\u00fc, ara\u00e7 onar\u0131m end\u00fcstrisinde kullan\u0131lan terimlerin k\u0131sa tan\u0131mlar\u0131n\u0131 ve a\u00e7\u0131klamalar\u0131n\u0131 i\u00e7erir. S\u00f6zl\u00fck ayn\u0131 zamanda bir s\u00f6zl\u00fck i\u015flevi g\u00f6r\u00fcr. S\u00f6zl\u00fck terimleri, ana sayfam\u0131zdaki metinlerde ve makalelerde alt\u0131 \u00e7izili olarak yer al\u0131r ve bilgilerin, metinlerin, makalelerin ve sayfalar\u0131n anla\u015f\u0131labilirli\u011fini ve kullan\u0131\u015fl\u0131l\u0131\u011f\u0131n\u0131 art\u0131rmak i\u00e7in bir s\u00f6zl\u00fck (s\u00f6zl\u00fck) g\u00f6revi [&hellip;]<\/p>\n","protected":false},"author":2,"featured_media":0,"parent":0,"menu_order":0,"comment_status":"closed","ping_status":"closed","template":"","meta":{"_et_pb_use_builder":"on","_et_pb_old_content":"","_et_gb_content_width":"","_relevanssi_hide_post":"","_relevanssi_hide_content":"","_relevanssi_pin_for_all":"","_relevanssi_pin_keywords":"","_relevanssi_unpin_keywords":"","_relevanssi_related_keywords":"","_relevanssi_related_include_ids":"","_relevanssi_related_exclude_ids":"","_relevanssi_related_no_append":"","_relevanssi_related_not_related":"","_relevanssi_related_posts":"","_relevanssi_noindex_reason":"","footnotes":""},"class_list":["post-58009","page","type-page","status-publish","hentry"],"yoast_head":"<!-- This site is optimized with the Yoast SEO plugin v27.3 - https:\/\/yoast.com\/product\/yoast-seo-wordpress\/ -->\n<title>Repawelt ansiklopedisi - Repawelt<\/title>\n<meta name=\"description\" content=\"Ara\u00e7 onar\u0131m end\u00fcstrisinin s\u00f6zl\u00fc\u011f\u00fc, s\u00f6zl\u00fc\u011f\u00fc ve wikisi. Sekt\u00f6rdeki terimleri, \u00f6rne\u011fin \u015firketleri, \u00fcr\u00fcnleri ve haberleri aray\u0131n.\" \/>\n<meta name=\"robots\" content=\"index, follow, max-snippet:-1, max-image-preview:large, max-video-preview:-1\" \/>\n<link rel=\"canonical\" href=\"https:\/\/repawelt.de\/tr\/repawelt-ansiklopedisi\/\" \/>\n<meta property=\"og:locale\" content=\"tr_TR\" \/>\n<meta property=\"og:type\" content=\"article\" \/>\n<meta property=\"og:title\" content=\"Repawelt ansiklopedisi - Repawelt\" \/>\n<meta property=\"og:description\" content=\"Ara\u00e7 onar\u0131m end\u00fcstrisinin s\u00f6zl\u00fc\u011f\u00fc, s\u00f6zl\u00fc\u011f\u00fc ve wikisi. Sekt\u00f6rdeki terimleri, \u00f6rne\u011fin \u015firketleri, \u00fcr\u00fcnleri ve haberleri aray\u0131n.\" \/>\n<meta property=\"og:url\" content=\"https:\/\/repawelt.de\/tr\/repawelt-ansiklopedisi\/\" \/>\n<meta property=\"og:site_name\" content=\"Repawelt\" \/>\n<meta property=\"article:modified_time\" content=\"2025-02-08T16:13:22+00:00\" \/>\n<meta name=\"twitter:card\" content=\"summary_large_image\" \/>\n<meta name=\"twitter:label1\" content=\"Tahmini okuma s\u00fcresi\" \/>\n\t<meta name=\"twitter:data1\" content=\"4 dakika\" \/>\n<script type=\"application\/ld+json\" class=\"yoast-schema-graph\">{\"@context\":\"https:\\\/\\\/schema.org\",\"@graph\":[{\"@type\":\"WebPage\",\"@id\":\"https:\\\/\\\/repawelt.de\\\/tr\\\/repawelt-ansiklopedisi\\\/\",\"url\":\"https:\\\/\\\/repawelt.de\\\/tr\\\/repawelt-ansiklopedisi\\\/\",\"name\":\"Repawelt ansiklopedisi - Repawelt\",\"isPartOf\":{\"@id\":\"https:\\\/\\\/repawelt.de\\\/tr\\\/#website\"},\"datePublished\":\"2024-02-25T13:25:28+00:00\",\"dateModified\":\"2025-02-08T16:13:22+00:00\",\"description\":\"Ara\u00e7 onar\u0131m end\u00fcstrisinin s\u00f6zl\u00fc\u011f\u00fc, s\u00f6zl\u00fc\u011f\u00fc ve wikisi. Sekt\u00f6rdeki terimleri, \u00f6rne\u011fin \u015firketleri, \u00fcr\u00fcnleri ve haberleri aray\u0131n.\",\"breadcrumb\":{\"@id\":\"https:\\\/\\\/repawelt.de\\\/tr\\\/repawelt-ansiklopedisi\\\/#breadcrumb\"},\"inLanguage\":\"tr\",\"potentialAction\":[{\"@type\":\"ReadAction\",\"target\":[\"https:\\\/\\\/repawelt.de\\\/tr\\\/repawelt-ansiklopedisi\\\/\"]}]},{\"@type\":\"BreadcrumbList\",\"@id\":\"https:\\\/\\\/repawelt.de\\\/tr\\\/repawelt-ansiklopedisi\\\/#breadcrumb\",\"itemListElement\":[{\"@type\":\"ListItem\",\"position\":1,\"name\":\"Startseite\",\"item\":\"https:\\\/\\\/repawelt.de\\\/tr\\\/ev\\\/\"},{\"@type\":\"ListItem\",\"position\":2,\"name\":\"Repawelt ansiklopedisi\"}]},{\"@type\":\"WebSite\",\"@id\":\"https:\\\/\\\/repawelt.de\\\/tr\\\/#website\",\"url\":\"https:\\\/\\\/repawelt.de\\\/tr\\\/\",\"name\":\"Repawelt\",\"description\":\"Die Welt der Fahrzeugreparatur\",\"publisher\":{\"@id\":\"https:\\\/\\\/repawelt.de\\\/tr\\\/#organization\"},\"potentialAction\":[{\"@type\":\"SearchAction\",\"target\":{\"@type\":\"EntryPoint\",\"urlTemplate\":\"https:\\\/\\\/repawelt.de\\\/tr\\\/?s={search_term_string}\"},\"query-input\":{\"@type\":\"PropertyValueSpecification\",\"valueRequired\":true,\"valueName\":\"search_term_string\"}}],\"inLanguage\":\"tr\"},{\"@type\":\"Organization\",\"@id\":\"https:\\\/\\\/repawelt.de\\\/tr\\\/#organization\",\"name\":\"Repawelt\",\"url\":\"https:\\\/\\\/repawelt.de\\\/tr\\\/\",\"logo\":{\"@type\":\"ImageObject\",\"inLanguage\":\"tr\",\"@id\":\"https:\\\/\\\/repawelt.de\\\/tr\\\/#\\\/schema\\\/logo\\\/image\\\/\",\"url\":\"https:\\\/\\\/repawelt.de\\\/wp-content\\\/uploads\\\/2017\\\/10\\\/Repawelt-Favicon.png\",\"contentUrl\":\"https:\\\/\\\/repawelt.de\\\/wp-content\\\/uploads\\\/2017\\\/10\\\/Repawelt-Favicon.png\",\"width\":500,\"height\":500,\"caption\":\"Repawelt\"},\"image\":{\"@id\":\"https:\\\/\\\/repawelt.de\\\/tr\\\/#\\\/schema\\\/logo\\\/image\\\/\"}}]}<\/script>\n<!-- \/ Yoast SEO plugin. -->","yoast_head_json":{"title":"Repawelt ansiklopedisi - Repawelt","description":"Ara\u00e7 onar\u0131m end\u00fcstrisinin s\u00f6zl\u00fc\u011f\u00fc, s\u00f6zl\u00fc\u011f\u00fc ve wikisi. Sekt\u00f6rdeki terimleri, \u00f6rne\u011fin \u015firketleri, \u00fcr\u00fcnleri ve haberleri aray\u0131n.","robots":{"index":"index","follow":"follow","max-snippet":"max-snippet:-1","max-image-preview":"max-image-preview:large","max-video-preview":"max-video-preview:-1"},"canonical":"https:\/\/repawelt.de\/tr\/repawelt-ansiklopedisi\/","og_locale":"tr_TR","og_type":"article","og_title":"Repawelt ansiklopedisi - Repawelt","og_description":"Ara\u00e7 onar\u0131m end\u00fcstrisinin s\u00f6zl\u00fc\u011f\u00fc, s\u00f6zl\u00fc\u011f\u00fc ve wikisi. Sekt\u00f6rdeki terimleri, \u00f6rne\u011fin \u015firketleri, \u00fcr\u00fcnleri ve haberleri aray\u0131n.","og_url":"https:\/\/repawelt.de\/tr\/repawelt-ansiklopedisi\/","og_site_name":"Repawelt","article_modified_time":"2025-02-08T16:13:22+00:00","twitter_card":"summary_large_image","twitter_misc":{"Tahmini okuma s\u00fcresi":"4 dakika"},"schema":{"@context":"https:\/\/schema.org","@graph":[{"@type":"WebPage","@id":"https:\/\/repawelt.de\/tr\/repawelt-ansiklopedisi\/","url":"https:\/\/repawelt.de\/tr\/repawelt-ansiklopedisi\/","name":"Repawelt ansiklopedisi - Repawelt","isPartOf":{"@id":"https:\/\/repawelt.de\/tr\/#website"},"datePublished":"2024-02-25T13:25:28+00:00","dateModified":"2025-02-08T16:13:22+00:00","description":"Ara\u00e7 onar\u0131m end\u00fcstrisinin s\u00f6zl\u00fc\u011f\u00fc, s\u00f6zl\u00fc\u011f\u00fc ve wikisi. Sekt\u00f6rdeki terimleri, \u00f6rne\u011fin \u015firketleri, \u00fcr\u00fcnleri ve haberleri aray\u0131n.","breadcrumb":{"@id":"https:\/\/repawelt.de\/tr\/repawelt-ansiklopedisi\/#breadcrumb"},"inLanguage":"tr","potentialAction":[{"@type":"ReadAction","target":["https:\/\/repawelt.de\/tr\/repawelt-ansiklopedisi\/"]}]},{"@type":"BreadcrumbList","@id":"https:\/\/repawelt.de\/tr\/repawelt-ansiklopedisi\/#breadcrumb","itemListElement":[{"@type":"ListItem","position":1,"name":"Startseite","item":"https:\/\/repawelt.de\/tr\/ev\/"},{"@type":"ListItem","position":2,"name":"Repawelt ansiklopedisi"}]},{"@type":"WebSite","@id":"https:\/\/repawelt.de\/tr\/#website","url":"https:\/\/repawelt.de\/tr\/","name":"Repawelt","description":"Die Welt der Fahrzeugreparatur","publisher":{"@id":"https:\/\/repawelt.de\/tr\/#organization"},"potentialAction":[{"@type":"SearchAction","target":{"@type":"EntryPoint","urlTemplate":"https:\/\/repawelt.de\/tr\/?s={search_term_string}"},"query-input":{"@type":"PropertyValueSpecification","valueRequired":true,"valueName":"search_term_string"}}],"inLanguage":"tr"},{"@type":"Organization","@id":"https:\/\/repawelt.de\/tr\/#organization","name":"Repawelt","url":"https:\/\/repawelt.de\/tr\/","logo":{"@type":"ImageObject","inLanguage":"tr","@id":"https:\/\/repawelt.de\/tr\/#\/schema\/logo\/image\/","url":"https:\/\/repawelt.de\/wp-content\/uploads\/2017\/10\/Repawelt-Favicon.png","contentUrl":"https:\/\/repawelt.de\/wp-content\/uploads\/2017\/10\/Repawelt-Favicon.png","width":500,"height":500,"caption":"Repawelt"},"image":{"@id":"https:\/\/repawelt.de\/tr\/#\/schema\/logo\/image\/"}}]}},"_links":{"self":[{"href":"https:\/\/repawelt.de\/tr\/wp-json\/wp\/v2\/pages\/58009","targetHints":{"allow":["GET"]}}],"collection":[{"href":"https:\/\/repawelt.de\/tr\/wp-json\/wp\/v2\/pages"}],"about":[{"href":"https:\/\/repawelt.de\/tr\/wp-json\/wp\/v2\/types\/page"}],"author":[{"embeddable":true,"href":"https:\/\/repawelt.de\/tr\/wp-json\/wp\/v2\/users\/2"}],"replies":[{"embeddable":true,"href":"https:\/\/repawelt.de\/tr\/wp-json\/wp\/v2\/comments?post=58009"}],"version-history":[{"count":0,"href":"https:\/\/repawelt.de\/tr\/wp-json\/wp\/v2\/pages\/58009\/revisions"}],"wp:attachment":[{"href":"https:\/\/repawelt.de\/tr\/wp-json\/wp\/v2\/media?parent=58009"}],"curies":[{"name":"wp","href":"https:\/\/api.w.org\/{rel}","templated":true}]}}