{"id":58005,"date":"2023-08-27T10:31:03","date_gmt":"2023-08-27T08:31:03","guid":{"rendered":"https:\/\/repawelt.de\/haberler\/"},"modified":"2025-09-02T19:19:04","modified_gmt":"2025-09-02T17:19:04","slug":"haberler","status":"publish","type":"page","link":"https:\/\/repawelt.de\/tr\/haberler\/","title":{"rendered":"Haberler"},"content":{"rendered":"<p>[et_pb_section fb_built=&#8221;1&#8243; admin_label=&#8221;Repawelt Header&#8221; _builder_version=&#8221;4.16&#8243; custom_padding=&#8221;0px||8px|||&#8221; saved_tabs=&#8221;all&#8221; global_colors_info=&#8221;{}&#8221;][et_pb_row _builder_version=&#8221;4.16&#8243; background_size=&#8221;initial&#8221; background_position=&#8221;top_left&#8221; background_repeat=&#8221;repeat&#8221; custom_padding=&#8221;67px||2px|||&#8221; global_colors_info=&#8221;{}&#8221;][et_pb_column type=&#8221;4_4&#8243; _builder_version=&#8221;4.16&#8243; custom_padding=&#8221;|||&#8221; global_colors_info=&#8221;{}&#8221; custom_padding__hover=&#8221;|||&#8221;][et_pb_text admin_label=&#8221;Repawelt&#8221; _builder_version=&#8221;4.27.0&#8243; vertical_offset_tablet=&#8221;0&#8243; horizontal_offset_tablet=&#8221;0&#8243; z_index_tablet=&#8221;0&#8243; text_text_shadow_horizontal_length_tablet=&#8221;0px&#8221; text_text_shadow_vertical_length_tablet=&#8221;0px&#8221; text_text_shadow_blur_strength_tablet=&#8221;1px&#8221; link_text_shadow_horizontal_length_tablet=&#8221;0px&#8221; link_text_shadow_vertical_length_tablet=&#8221;0px&#8221; link_text_shadow_blur_strength_tablet=&#8221;1px&#8221; ul_text_shadow_horizontal_length_tablet=&#8221;0px&#8221; ul_text_shadow_vertical_length_tablet=&#8221;0px&#8221; ul_text_shadow_blur_strength_tablet=&#8221;1px&#8221; ol_text_shadow_horizontal_length_tablet=&#8221;0px&#8221; ol_text_shadow_vertical_length_tablet=&#8221;0px&#8221; ol_text_shadow_blur_strength_tablet=&#8221;1px&#8221; quote_text_shadow_horizontal_length_tablet=&#8221;0px&#8221; quote_text_shadow_vertical_length_tablet=&#8221;0px&#8221; quote_text_shadow_blur_strength_tablet=&#8221;1px&#8221; header_text_shadow_horizontal_length_tablet=&#8221;0px&#8221; header_text_shadow_vertical_length_tablet=&#8221;0px&#8221; header_text_shadow_blur_strength_tablet=&#8221;1px&#8221; header_2_text_shadow_horizontal_length_tablet=&#8221;0px&#8221; header_2_text_shadow_vertical_length_tablet=&#8221;0px&#8221; header_2_text_shadow_blur_strength_tablet=&#8221;1px&#8221; header_3_text_shadow_horizontal_length_tablet=&#8221;0px&#8221; header_3_text_shadow_vertical_length_tablet=&#8221;0px&#8221; header_3_text_shadow_blur_strength_tablet=&#8221;1px&#8221; header_4_text_shadow_horizontal_length_tablet=&#8221;0px&#8221; header_4_text_shadow_vertical_length_tablet=&#8221;0px&#8221; header_4_text_shadow_blur_strength_tablet=&#8221;1px&#8221; header_5_text_shadow_horizontal_length_tablet=&#8221;0px&#8221; header_5_text_shadow_vertical_length_tablet=&#8221;0px&#8221; header_5_text_shadow_blur_strength_tablet=&#8221;1px&#8221; header_6_text_shadow_horizontal_length_tablet=&#8221;0px&#8221; header_6_text_shadow_vertical_length_tablet=&#8221;0px&#8221; header_6_text_shadow_blur_strength_tablet=&#8221;1px&#8221; box_shadow_horizontal_tablet=&#8221;0px&#8221; box_shadow_vertical_tablet=&#8221;0px&#8221; box_shadow_blur_tablet=&#8221;40px&#8221; box_shadow_spread_tablet=&#8221;0px&#8221; global_colors_info=&#8221;{}&#8221;]<\/p>\n<h1 style=\"text-align: center;\"><strong>repawelt.de<\/strong><\/h1>\n<h2 style=\"text-align: center;\">Ara\u00e7 tamir d\u00fcnyas\u0131.<\/h2>\n<p style=\"text-align: center;\">Bilgi birikimi. \u015eirketlerin. \u00dcr\u00fcnler. \u0130nsanlar.   <\/p>\n<p style=\"text-align: center;\">[\/et_pb_text][et_pb_search placeholder=&#8221;Repa d\u00fcnyas\u0131nda arama yap\u0131n &#8230;..  &#8221; _builder_version=&#8221;4.25.1&#8243; _module_preset=&#8221;default&#8221; global_colors_info=&#8221;{}&#8221;][\/et_pb_search][et_pb_divider divider_position=&#8221;center&#8221; _builder_version=&#8221;4.24.2&#8243; _module_preset=&#8221;default&#8221; global_colors_info=&#8221;{}&#8221;][\/et_pb_divider][\/et_pb_column][\/et_pb_row][\/et_pb_section][et_pb_section fb_built=&#8221;1&#8243; _builder_version=&#8221;4.27.0&#8243; _module_preset=&#8221;default&#8221; custom_padding=&#8221;5px||21px|||&#8221; global_colors_info=&#8221;{}&#8221;][et_pb_row make_equal=&#8221;on&#8221; _builder_version=&#8221;4.27.0&#8243; _module_preset=&#8221;default&#8221; global_colors_info=&#8221;{}&#8221;][et_pb_column type=&#8221;4_4&#8243; _builder_version=&#8221;4.22.1&#8243; _module_preset=&#8221;default&#8221; global_colors_info=&#8221;{}&#8221;][et_pb_text admin_label=&#8221;News&#8221; _builder_version=&#8221;4.27.4&#8243; _module_preset=&#8221;default&#8221; hover_enabled=&#8221;0&#8243; global_colors_info=&#8221;{}&#8221; sticky_enabled=&#8221;0&#8243;]<\/p>\n<h1><strong>Haberler<\/strong><\/h1>\n<p>[\/et_pb_text][et_pb_blog fullwidth=&#8221;off&#8221; posts_number=&#8221;48&#8243; include_categories=&#8221;976&#8243; show_more=&#8221;on&#8221; show_date=&#8221;off&#8221; show_categories=&#8221;off&#8221; show_pagination=&#8221;off&#8221; use_overlay=&#8221;on&#8221; overlay_icon_color=&#8221;#FFFFFF&#8221; hover_overlay_color=&#8221;#7CDA24&#8243; hover_icon=&#8221;&#x70;||divi||400&#8243; admin_label=&#8221;News &#8211; Blog&#8221; module_class=&#8221;neu-blog&#8221; _builder_version=&#8221;4.27.4&#8243; _module_preset=&#8221;8611033f-9888-4563-a6a4-c03e98d2587d&#8221; header_level=&#8221;h4&#8243; header_font=&#8221;|700|||||||&#8221; header_text_align=&#8221;left&#8221; header_font_size=&#8221;14px&#8221; header_line_height=&#8221;1.3em&#8221; body_text_align=&#8221;left&#8221; body_font_size=&#8221;12px&#8221; body_line_height=&#8221;1.3em&#8221; meta_font_size=&#8221;10px&#8221; read_more_font_size=&#8221;10px&#8221; read_more_line_height=&#8221;1.5em&#8221; custom_margin=&#8221;|9px||9px|false|false&#8221; border_width_all=&#8221;2px&#8221; border_color_all_image=&#8221;RGBA(255,255,255,0)&#8221; locked=&#8221;off&#8221; global_colors_info=&#8221;{}&#8221;][\/et_pb_blog][\/et_pb_column][\/et_pb_row][\/et_pb_section][et_pb_section fb_built=&#8221;1&#8243; admin_label=&#8221;Gender-Hinweis&#8221; _builder_version=&#8221;4.25.1&#8243; _module_preset=&#8221;default&#8221; custom_padding=&#8221;8px||9px|||&#8221; saved_tabs=&#8221;all&#8221; global_colors_info=&#8221;{}&#8221;][et_pb_row _builder_version=&#8221;4.25.1&#8243; _module_preset=&#8221;default&#8221; global_colors_info=&#8221;{}&#8221;][et_pb_column type=&#8221;4_4&#8243; _builder_version=&#8221;4.25.1&#8243; _module_preset=&#8221;default&#8221; global_colors_info=&#8221;{}&#8221;][et_pb_text _builder_version=&#8221;4.25.1&#8243; _module_preset=&#8221;default&#8221; global_colors_info=&#8221;{}&#8221;]<\/p>\n<p><strong>Cinsiyet notu<\/strong><\/p>\n<p>Daha iyi okunabilirlik nedeniyle, bu web sitesindeki ki\u015fisel tan\u0131mlamalar ve ki\u015fisel isimler i\u00e7in \u00f6ncelikle eril form (genel eril) kullan\u0131l\u0131r. Kar\u015f\u0131l\u0131k gelen terimler, e\u015fit muamele amac\u0131yla t\u00fcm cinsiyetler i\u00e7in ge\u00e7erlidir. K\u0131salt\u0131lm\u0131\u015f dil formu yaln\u0131zca editoryal nedenlerden dolay\u0131d\u0131r ve herhangi bir yarg\u0131 anlam\u0131na gelmez.  <\/p>\n<p>[\/et_pb_text][\/et_pb_column][\/et_pb_row][\/et_pb_section]<\/p>\n","protected":false},"excerpt":{"rendered":"<p>repawelt.de Ara\u00e7 tamir d\u00fcnyas\u0131. Bilgi birikimi. \u015eirketlerin. \u00dcr\u00fcnler. \u0130nsanlar. HaberlerCinsiyet notu Daha iyi okunabilirlik nedeniyle, bu web sitesindeki ki\u015fisel tan\u0131mlamalar ve ki\u015fisel isimler i\u00e7in \u00f6ncelikle eril form (genel eril) kullan\u0131l\u0131r. Kar\u015f\u0131l\u0131k gelen terimler, e\u015fit muamele amac\u0131yla t\u00fcm cinsiyetler i\u00e7in ge\u00e7erlidir. K\u0131salt\u0131lm\u0131\u015f dil formu yaln\u0131zca editoryal nedenlerden dolay\u0131d\u0131r ve herhangi bir yarg\u0131 anlam\u0131na gelmez.<\/p>\n","protected":false},"author":2,"featured_media":57999,"parent":0,"menu_order":0,"comment_status":"closed","ping_status":"closed","template":"","meta":{"_et_pb_use_builder":"on","_et_pb_old_content":"","_et_gb_content_width":"","_relevanssi_hide_post":"","_relevanssi_hide_content":"","_relevanssi_pin_for_all":"","_relevanssi_pin_keywords":"","_relevanssi_unpin_keywords":"","_relevanssi_related_keywords":"","_relevanssi_related_include_ids":"","_relevanssi_related_exclude_ids":"","_relevanssi_related_no_append":"","_relevanssi_related_not_related":"","_relevanssi_related_posts":"","_relevanssi_noindex_reason":"","footnotes":""},"class_list":["post-58005","page","type-page","status-publish","has-post-thumbnail","hentry"],"yoast_head":"<!-- This site is optimized with the Yoast SEO plugin v27.3 - https:\/\/yoast.com\/product\/yoast-seo-wordpress\/ -->\n<title>Haberler - Repawelt<\/title>\n<meta name=\"description\" content=\"Repawelt.de&#039;de ara\u00e7 onar\u0131m sekt\u00f6r\u00fcndeki b\u00fcy\u00fck \u015firketler, \u00fcreticiler, bayiler, ticaret, hizmetler. Haberler ve \u00dcr\u00fcnler.\" \/>\n<meta name=\"robots\" content=\"index, follow, max-snippet:-1, max-image-preview:large, max-video-preview:-1\" \/>\n<link rel=\"canonical\" href=\"https:\/\/repawelt.de\/tr\/haberler\/\" \/>\n<meta property=\"og:locale\" content=\"tr_TR\" \/>\n<meta property=\"og:type\" content=\"article\" \/>\n<meta property=\"og:title\" content=\"Haberler - Repawelt\" \/>\n<meta property=\"og:description\" content=\"Repawelt.de&#039;de ara\u00e7 onar\u0131m sekt\u00f6r\u00fcndeki b\u00fcy\u00fck \u015firketler, \u00fcreticiler, bayiler, ticaret, hizmetler. Haberler ve \u00dcr\u00fcnler.\" \/>\n<meta property=\"og:url\" content=\"https:\/\/repawelt.de\/tr\/haberler\/\" \/>\n<meta property=\"og:site_name\" content=\"Repawelt\" \/>\n<meta property=\"article:modified_time\" content=\"2025-09-02T17:19:04+00:00\" \/>\n<meta property=\"og:image\" content=\"https:\/\/repawelt.de\/wp-content\/uploads\/2023\/03\/Repawelt-Logo-680-x-450.jpg\" \/>\n\t<meta property=\"og:image:width\" content=\"680\" \/>\n\t<meta property=\"og:image:height\" content=\"450\" \/>\n\t<meta property=\"og:image:type\" content=\"image\/jpeg\" \/>\n<meta name=\"twitter:card\" content=\"summary_large_image\" \/>\n<meta name=\"twitter:label1\" content=\"Tahmini okuma s\u00fcresi\" \/>\n\t<meta name=\"twitter:data1\" content=\"4 dakika\" \/>\n<script type=\"application\/ld+json\" class=\"yoast-schema-graph\">{\"@context\":\"https:\\\/\\\/schema.org\",\"@graph\":[{\"@type\":\"WebPage\",\"@id\":\"https:\\\/\\\/repawelt.de\\\/tr\\\/haberler\\\/\",\"url\":\"https:\\\/\\\/repawelt.de\\\/tr\\\/haberler\\\/\",\"name\":\"Haberler - Repawelt\",\"isPartOf\":{\"@id\":\"https:\\\/\\\/repawelt.de\\\/tr\\\/#website\"},\"primaryImageOfPage\":{\"@id\":\"https:\\\/\\\/repawelt.de\\\/tr\\\/haberler\\\/#primaryimage\"},\"image\":{\"@id\":\"https:\\\/\\\/repawelt.de\\\/tr\\\/haberler\\\/#primaryimage\"},\"thumbnailUrl\":\"https:\\\/\\\/repawelt.de\\\/wp-content\\\/uploads\\\/2023\\\/03\\\/Repawelt-Logo-680-x-450.jpg\",\"datePublished\":\"2023-08-27T08:31:03+00:00\",\"dateModified\":\"2025-09-02T17:19:04+00:00\",\"description\":\"Repawelt.de'de ara\u00e7 onar\u0131m sekt\u00f6r\u00fcndeki b\u00fcy\u00fck \u015firketler, \u00fcreticiler, bayiler, ticaret, hizmetler. Haberler ve \u00dcr\u00fcnler.\",\"breadcrumb\":{\"@id\":\"https:\\\/\\\/repawelt.de\\\/tr\\\/haberler\\\/#breadcrumb\"},\"inLanguage\":\"tr\",\"potentialAction\":[{\"@type\":\"ReadAction\",\"target\":[\"https:\\\/\\\/repawelt.de\\\/tr\\\/haberler\\\/\"]}]},{\"@type\":\"ImageObject\",\"inLanguage\":\"tr\",\"@id\":\"https:\\\/\\\/repawelt.de\\\/tr\\\/haberler\\\/#primaryimage\",\"url\":\"https:\\\/\\\/repawelt.de\\\/wp-content\\\/uploads\\\/2023\\\/03\\\/Repawelt-Logo-680-x-450.jpg\",\"contentUrl\":\"https:\\\/\\\/repawelt.de\\\/wp-content\\\/uploads\\\/2023\\\/03\\\/Repawelt-Logo-680-x-450.jpg\",\"width\":680,\"height\":450},{\"@type\":\"BreadcrumbList\",\"@id\":\"https:\\\/\\\/repawelt.de\\\/tr\\\/haberler\\\/#breadcrumb\",\"itemListElement\":[{\"@type\":\"ListItem\",\"position\":1,\"name\":\"Startseite\",\"item\":\"https:\\\/\\\/repawelt.de\\\/tr\\\/ev\\\/\"},{\"@type\":\"ListItem\",\"position\":2,\"name\":\"Haberler\"}]},{\"@type\":\"WebSite\",\"@id\":\"https:\\\/\\\/repawelt.de\\\/tr\\\/#website\",\"url\":\"https:\\\/\\\/repawelt.de\\\/tr\\\/\",\"name\":\"Repawelt\",\"description\":\"Die Welt der Fahrzeugreparatur\",\"publisher\":{\"@id\":\"https:\\\/\\\/repawelt.de\\\/tr\\\/#organization\"},\"potentialAction\":[{\"@type\":\"SearchAction\",\"target\":{\"@type\":\"EntryPoint\",\"urlTemplate\":\"https:\\\/\\\/repawelt.de\\\/tr\\\/?s={search_term_string}\"},\"query-input\":{\"@type\":\"PropertyValueSpecification\",\"valueRequired\":true,\"valueName\":\"search_term_string\"}}],\"inLanguage\":\"tr\"},{\"@type\":\"Organization\",\"@id\":\"https:\\\/\\\/repawelt.de\\\/tr\\\/#organization\",\"name\":\"Repawelt\",\"url\":\"https:\\\/\\\/repawelt.de\\\/tr\\\/\",\"logo\":{\"@type\":\"ImageObject\",\"inLanguage\":\"tr\",\"@id\":\"https:\\\/\\\/repawelt.de\\\/tr\\\/#\\\/schema\\\/logo\\\/image\\\/\",\"url\":\"https:\\\/\\\/repawelt.de\\\/wp-content\\\/uploads\\\/2017\\\/10\\\/Repawelt-Favicon.png\",\"contentUrl\":\"https:\\\/\\\/repawelt.de\\\/wp-content\\\/uploads\\\/2017\\\/10\\\/Repawelt-Favicon.png\",\"width\":500,\"height\":500,\"caption\":\"Repawelt\"},\"image\":{\"@id\":\"https:\\\/\\\/repawelt.de\\\/tr\\\/#\\\/schema\\\/logo\\\/image\\\/\"}}]}<\/script>\n<!-- \/ Yoast SEO plugin. -->","yoast_head_json":{"title":"Haberler - Repawelt","description":"Repawelt.de'de ara\u00e7 onar\u0131m sekt\u00f6r\u00fcndeki b\u00fcy\u00fck \u015firketler, \u00fcreticiler, bayiler, ticaret, hizmetler. Haberler ve \u00dcr\u00fcnler.","robots":{"index":"index","follow":"follow","max-snippet":"max-snippet:-1","max-image-preview":"max-image-preview:large","max-video-preview":"max-video-preview:-1"},"canonical":"https:\/\/repawelt.de\/tr\/haberler\/","og_locale":"tr_TR","og_type":"article","og_title":"Haberler - Repawelt","og_description":"Repawelt.de'de ara\u00e7 onar\u0131m sekt\u00f6r\u00fcndeki b\u00fcy\u00fck \u015firketler, \u00fcreticiler, bayiler, ticaret, hizmetler. Haberler ve \u00dcr\u00fcnler.","og_url":"https:\/\/repawelt.de\/tr\/haberler\/","og_site_name":"Repawelt","article_modified_time":"2025-09-02T17:19:04+00:00","og_image":[{"width":680,"height":450,"url":"https:\/\/repawelt.de\/wp-content\/uploads\/2023\/03\/Repawelt-Logo-680-x-450.jpg","type":"image\/jpeg"}],"twitter_card":"summary_large_image","twitter_misc":{"Tahmini okuma s\u00fcresi":"4 dakika"},"schema":{"@context":"https:\/\/schema.org","@graph":[{"@type":"WebPage","@id":"https:\/\/repawelt.de\/tr\/haberler\/","url":"https:\/\/repawelt.de\/tr\/haberler\/","name":"Haberler - Repawelt","isPartOf":{"@id":"https:\/\/repawelt.de\/tr\/#website"},"primaryImageOfPage":{"@id":"https:\/\/repawelt.de\/tr\/haberler\/#primaryimage"},"image":{"@id":"https:\/\/repawelt.de\/tr\/haberler\/#primaryimage"},"thumbnailUrl":"https:\/\/repawelt.de\/wp-content\/uploads\/2023\/03\/Repawelt-Logo-680-x-450.jpg","datePublished":"2023-08-27T08:31:03+00:00","dateModified":"2025-09-02T17:19:04+00:00","description":"Repawelt.de'de ara\u00e7 onar\u0131m sekt\u00f6r\u00fcndeki b\u00fcy\u00fck \u015firketler, \u00fcreticiler, bayiler, ticaret, hizmetler. Haberler ve \u00dcr\u00fcnler.","breadcrumb":{"@id":"https:\/\/repawelt.de\/tr\/haberler\/#breadcrumb"},"inLanguage":"tr","potentialAction":[{"@type":"ReadAction","target":["https:\/\/repawelt.de\/tr\/haberler\/"]}]},{"@type":"ImageObject","inLanguage":"tr","@id":"https:\/\/repawelt.de\/tr\/haberler\/#primaryimage","url":"https:\/\/repawelt.de\/wp-content\/uploads\/2023\/03\/Repawelt-Logo-680-x-450.jpg","contentUrl":"https:\/\/repawelt.de\/wp-content\/uploads\/2023\/03\/Repawelt-Logo-680-x-450.jpg","width":680,"height":450},{"@type":"BreadcrumbList","@id":"https:\/\/repawelt.de\/tr\/haberler\/#breadcrumb","itemListElement":[{"@type":"ListItem","position":1,"name":"Startseite","item":"https:\/\/repawelt.de\/tr\/ev\/"},{"@type":"ListItem","position":2,"name":"Haberler"}]},{"@type":"WebSite","@id":"https:\/\/repawelt.de\/tr\/#website","url":"https:\/\/repawelt.de\/tr\/","name":"Repawelt","description":"Die Welt der Fahrzeugreparatur","publisher":{"@id":"https:\/\/repawelt.de\/tr\/#organization"},"potentialAction":[{"@type":"SearchAction","target":{"@type":"EntryPoint","urlTemplate":"https:\/\/repawelt.de\/tr\/?s={search_term_string}"},"query-input":{"@type":"PropertyValueSpecification","valueRequired":true,"valueName":"search_term_string"}}],"inLanguage":"tr"},{"@type":"Organization","@id":"https:\/\/repawelt.de\/tr\/#organization","name":"Repawelt","url":"https:\/\/repawelt.de\/tr\/","logo":{"@type":"ImageObject","inLanguage":"tr","@id":"https:\/\/repawelt.de\/tr\/#\/schema\/logo\/image\/","url":"https:\/\/repawelt.de\/wp-content\/uploads\/2017\/10\/Repawelt-Favicon.png","contentUrl":"https:\/\/repawelt.de\/wp-content\/uploads\/2017\/10\/Repawelt-Favicon.png","width":500,"height":500,"caption":"Repawelt"},"image":{"@id":"https:\/\/repawelt.de\/tr\/#\/schema\/logo\/image\/"}}]}},"_links":{"self":[{"href":"https:\/\/repawelt.de\/tr\/wp-json\/wp\/v2\/pages\/58005","targetHints":{"allow":["GET"]}}],"collection":[{"href":"https:\/\/repawelt.de\/tr\/wp-json\/wp\/v2\/pages"}],"about":[{"href":"https:\/\/repawelt.de\/tr\/wp-json\/wp\/v2\/types\/page"}],"author":[{"embeddable":true,"href":"https:\/\/repawelt.de\/tr\/wp-json\/wp\/v2\/users\/2"}],"replies":[{"embeddable":true,"href":"https:\/\/repawelt.de\/tr\/wp-json\/wp\/v2\/comments?post=58005"}],"version-history":[{"count":0,"href":"https:\/\/repawelt.de\/tr\/wp-json\/wp\/v2\/pages\/58005\/revisions"}],"wp:featuredmedia":[{"embeddable":true,"href":"https:\/\/repawelt.de\/tr\/wp-json\/wp\/v2\/media\/57999"}],"wp:attachment":[{"href":"https:\/\/repawelt.de\/tr\/wp-json\/wp\/v2\/media?parent=58005"}],"curies":[{"name":"wp","href":"https:\/\/api.w.org\/{rel}","templated":true}]}}