{"id":65604,"date":"2025-04-24T09:19:29","date_gmt":"2025-04-24T07:19:29","guid":{"rendered":"https:\/\/repawelt.de\/?page_id=65604"},"modified":"2025-07-03T16:41:18","modified_gmt":"2025-07-03T14:41:18","slug":"actualites-2","status":"publish","type":"page","link":"https:\/\/repawelt.de\/fr\/actualites-2\/","title":{"rendered":"Carrosserie et peinture"},"content":{"rendered":"<p>[et_pb_section fb_built=\u00a0\u00bb1&Prime; admin_label=\u00a0\u00bbRepawelt Header\u00a0\u00bb _builder_version=\u00a0\u00bb4.16&Prime; custom_padding=\u00a0\u00bb0px||8px|||\u00a0\u00bb saved_tabs=\u00a0\u00bball\u00a0\u00bb global_colors_info=\u00a0\u00bb{}\u00a0\u00bb][et_pb_row _builder_version=\u00a0\u00bb4.16&Prime; background_size=\u00a0\u00bbinitial\u00a0\u00bb background_position=\u00a0\u00bbtop_left\u00a0\u00bb background_repeat=\u00a0\u00bbrepeat\u00a0\u00bb custom_padding=\u00a0\u00bb67px||2px|||\u00a0\u00bb global_colors_info=\u00a0\u00bb{}\u00a0\u00bb][et_pb_column type=\u00a0\u00bb4_4&Prime; _builder_version=\u00a0\u00bb4.16&Prime; custom_padding=\u00a0\u00bb|||\u00a0\u00bb global_colors_info=\u00a0\u00bb{}\u00a0\u00bb custom_padding__hover=\u00a0\u00bb|||\u00a0\u00bb][et_pb_text admin_label=\u00a0\u00bbRepawelt\u00a0\u00bb _builder_version=\u00a0\u00bb4.27.4&Prime; vertical_offset_tablet=\u00a0\u00bb0&Prime; horizontal_offset_tablet=\u00a0\u00bb0&Prime; z_index_tablet=\u00a0\u00bb0&Prime; text_text_shadow_horizontal_length_tablet=\u00a0\u00bb0px\u00a0\u00bb text_text_shadow_vertical_length_tablet=\u00a0\u00bb0px\u00a0\u00bb text_text_shadow_blur_strength_tablet=\u00a0\u00bb1px\u00a0\u00bb link_text_shadow_horizontal_length_tablet=\u00a0\u00bb0px\u00a0\u00bb link_text_shadow_vertical_length_tablet=\u00a0\u00bb0px\u00a0\u00bb link_text_shadow_blur_strength_tablet=\u00a0\u00bb1px\u00a0\u00bb ul_text_shadow_horizontal_length_tablet=\u00a0\u00bb0px\u00a0\u00bb ul_text_shadow_vertical_length_tablet=\u00a0\u00bb0px\u00a0\u00bb ul_text_shadow_blur_strength_tablet=\u00a0\u00bb1px\u00a0\u00bb ol_text_shadow_horizontal_length_tablet=\u00a0\u00bb0px\u00a0\u00bb ol_text_shadow_vertical_length_tablet=\u00a0\u00bb0px\u00a0\u00bb ol_text_shadow_blur_strength_tablet=\u00a0\u00bb1px\u00a0\u00bb quote_text_shadow_horizontal_length_tablet=\u00a0\u00bb0px\u00a0\u00bb quote_text_shadow_vertical_length_tablet=\u00a0\u00bb0px\u00a0\u00bb quote_text_shadow_blur_strength_tablet=\u00a0\u00bb1px\u00a0\u00bb header_text_shadow_horizontal_length_tablet=\u00a0\u00bb0px\u00a0\u00bb header_text_shadow_vertical_length_tablet=\u00a0\u00bb0px\u00a0\u00bb header_text_shadow_blur_strength_tablet=\u00a0\u00bb1px\u00a0\u00bb header_2_text_shadow_horizontal_length_tablet=\u00a0\u00bb0px\u00a0\u00bb header_2_text_shadow_vertical_length_tablet=\u00a0\u00bb0px\u00a0\u00bb header_2_text_shadow_blur_strength_tablet=\u00a0\u00bb1px\u00a0\u00bb header_3_text_shadow_horizontal_length_tablet=\u00a0\u00bb0px\u00a0\u00bb header_3_text_shadow_vertical_length_tablet=\u00a0\u00bb0px\u00a0\u00bb header_3_text_shadow_blur_strength_tablet=\u00a0\u00bb1px\u00a0\u00bb header_4_text_shadow_horizontal_length_tablet=\u00a0\u00bb0px\u00a0\u00bb header_4_text_shadow_vertical_length_tablet=\u00a0\u00bb0px\u00a0\u00bb header_4_text_shadow_blur_strength_tablet=\u00a0\u00bb1px\u00a0\u00bb header_5_text_shadow_horizontal_length_tablet=\u00a0\u00bb0px\u00a0\u00bb header_5_text_shadow_vertical_length_tablet=\u00a0\u00bb0px\u00a0\u00bb header_5_text_shadow_blur_strength_tablet=\u00a0\u00bb1px\u00a0\u00bb header_6_text_shadow_horizontal_length_tablet=\u00a0\u00bb0px\u00a0\u00bb header_6_text_shadow_vertical_length_tablet=\u00a0\u00bb0px\u00a0\u00bb header_6_text_shadow_blur_strength_tablet=\u00a0\u00bb1px\u00a0\u00bb box_shadow_horizontal_tablet=\u00a0\u00bb0px\u00a0\u00bb box_shadow_vertical_tablet=\u00a0\u00bb0px\u00a0\u00bb box_shadow_blur_tablet=\u00a0\u00bb40px\u00a0\u00bb box_shadow_spread_tablet=\u00a0\u00bb0px\u00a0\u00bb global_colors_info=\u00a0\u00bb{}\u00a0\u00bb]<\/p>\n<h1 style=\"text-align: center;\"><strong>repawelt.de<\/strong><\/h1>\n<h2 style=\"text-align: center;\">Le monde de la r\u00e9paration automobile.<\/h2>\n<p style=\"text-align: center;\">Conaissance. Enterprises. Produits. Personnes.   <\/p>\n<p style=\"text-align: center;\">[\/et_pb_text][et_pb_search placeholder=\u00a0\u00bbChercher dans le monde des repas &#8230;..  \u00a0\u00bb _builder_version=\u00a0\u00bb4.25.1&Prime; _module_preset=\u00a0\u00bbdefault\u00a0\u00bb global_colors_info=\u00a0\u00bb{}\u00a0\u00bb][\/et_pb_search][et_pb_divider divider_position=\u00a0\u00bbcenter\u00a0\u00bb _builder_version=\u00a0\u00bb4.24.2&Prime; _module_preset=\u00a0\u00bbdefault\u00a0\u00bb global_colors_info=\u00a0\u00bb{}\u00a0\u00bb][\/et_pb_divider][\/et_pb_column][\/et_pb_row][\/et_pb_section][et_pb_section fb_built=\u00a0\u00bb1&Prime; _builder_version=\u00a0\u00bb4.27.0&Prime; _module_preset=\u00a0\u00bbdefault\u00a0\u00bb custom_padding=\u00a0\u00bb5px||21px|||\u00a0\u00bb global_colors_info=\u00a0\u00bb{}\u00a0\u00bb][et_pb_row make_equal=\u00a0\u00bbon\u00a0\u00bb _builder_version=\u00a0\u00bb4.27.0&Prime; _module_preset=\u00a0\u00bbdefault\u00a0\u00bb global_colors_info=\u00a0\u00bb{}\u00a0\u00bb][et_pb_column type=\u00a0\u00bb4_4&Prime; _builder_version=\u00a0\u00bb4.22.1&Prime; _module_preset=\u00a0\u00bbdefault\u00a0\u00bb global_colors_info=\u00a0\u00bb{}\u00a0\u00bb][et_pb_text admin_label=\u00a0\u00bbKarosserie und Lack\u00a0\u00bb _builder_version=\u00a0\u00bb4.27.4&Prime; _module_preset=\u00a0\u00bbdefault\u00a0\u00bb hover_enabled=\u00a0\u00bb0&Prime; global_colors_info=\u00a0\u00bb{}\u00a0\u00bb sticky_enabled=\u00a0\u00bb0&Prime;]<\/p>\n<h1><strong>Carrosserie et peinture<\/strong><\/h1>\n<p>[\/et_pb_text][et_pb_blog fullwidth=\u00a0\u00bboff\u00a0\u00bb posts_number=\u00a0\u00bb48&Prime; include_categories=\u00a0\u00bb1005&Prime; show_more=\u00a0\u00bbon\u00a0\u00bb show_date=\u00a0\u00bboff\u00a0\u00bb show_categories=\u00a0\u00bboff\u00a0\u00bb show_pagination=\u00a0\u00bboff\u00a0\u00bb use_overlay=\u00a0\u00bbon\u00a0\u00bb overlay_icon_color=\u00a0\u00bb#FFFFFF\u00a0\u00bb hover_overlay_color=\u00a0\u00bb#7CDA24&Prime; hover_icon=\u00a0\u00bb&#x70;||divi||400&Prime; admin_label=\u00a0\u00bbKarosserie und Lack \u2013 Blog\u00a0\u00bb module_class=\u00a0\u00bbneu-blog\u00a0\u00bb _builder_version=\u00a0\u00bb4.27.4&Prime; _module_preset=\u00a0\u00bb8611033f-9888-4563-a6a4-c03e98d2587d\u00a0\u00bb header_level=\u00a0\u00bbh4&Prime; header_font=\u00a0\u00bb|700|||||||\u00a0\u00bb header_font_size=\u00a0\u00bb14px\u00a0\u00bb header_line_height=\u00a0\u00bb1.3em\u00a0\u00bb body_text_align=\u00a0\u00bbleft\u00a0\u00bb body_font_size=\u00a0\u00bb12px\u00a0\u00bb body_line_height=\u00a0\u00bb1.3em\u00a0\u00bb meta_font_size=\u00a0\u00bb10px\u00a0\u00bb read_more_font_size=\u00a0\u00bb10px\u00a0\u00bb read_more_line_height=\u00a0\u00bb1.5em\u00a0\u00bb custom_margin=\u00a0\u00bb|9px||9px|false|false\u00a0\u00bb hover_enabled=\u00a0\u00bb0&Prime; border_width_all=\u00a0\u00bb2px\u00a0\u00bb border_color_all_image=\u00a0\u00bbRGBA(255,255,255,0)\u00a0\u00bb locked=\u00a0\u00bboff\u00a0\u00bb global_colors_info=\u00a0\u00bb{}\u00a0\u00bb header_text_align=\u00a0\u00bbleft\u00a0\u00bb sticky_enabled=\u00a0\u00bb0&Prime;][\/et_pb_blog][\/et_pb_column][\/et_pb_row][\/et_pb_section][et_pb_section fb_built=\u00a0\u00bb1&Prime; admin_label=\u00a0\u00bbGender-Hinweis\u00a0\u00bb _builder_version=\u00a0\u00bb4.25.1&Prime; _module_preset=\u00a0\u00bbdefault\u00a0\u00bb custom_padding=\u00a0\u00bb8px||9px|||\u00a0\u00bb saved_tabs=\u00a0\u00bball\u00a0\u00bb global_colors_info=\u00a0\u00bb{}\u00a0\u00bb][et_pb_row _builder_version=\u00a0\u00bb4.25.1&Prime; _module_preset=\u00a0\u00bbdefault\u00a0\u00bb global_colors_info=\u00a0\u00bb{}\u00a0\u00bb][et_pb_column type=\u00a0\u00bb4_4&Prime; _builder_version=\u00a0\u00bb4.25.1&Prime; _module_preset=\u00a0\u00bbdefault\u00a0\u00bb global_colors_info=\u00a0\u00bb{}\u00a0\u00bb][et_pb_text _builder_version=\u00a0\u00bb4.25.1&Prime; _module_preset=\u00a0\u00bbdefault\u00a0\u00bb global_colors_info=\u00a0\u00bb{}\u00a0\u00bb]<\/p>\n<p><strong>Note sur le genre<\/strong><\/p>\n<p>Pour des raisons de lisibilit\u00e9, la forme masculine (masculin g\u00e9n\u00e9rique) est utilis\u00e9e pour d\u00e9signer les personnes et les mots principaux se rapportant \u00e0 des personnes sur ce site. Par souci d&rsquo;\u00e9galit\u00e9 de traitement, les termes correspondants s&rsquo;appliquent en principe \u00e0 tous les sexes. La forme abr\u00e9g\u00e9e est utilis\u00e9e uniquement \u00e0 des fins r\u00e9dactionnelles et n&rsquo;implique aucun jugement de valeur.  <\/p>\n<p>[\/et_pb_text][\/et_pb_column][\/et_pb_row][\/et_pb_section]<\/p>\n","protected":false},"excerpt":{"rendered":"<p>repawelt.de Le monde de la r\u00e9paration automobile. Conaissance. Enterprises. Produits. Personnes. Carrosserie et peintureNote sur le genre Pour des raisons de lisibilit\u00e9, la forme masculine (masculin g\u00e9n\u00e9rique) est utilis\u00e9e pour d\u00e9signer les personnes et les mots principaux se rapportant \u00e0 des personnes sur ce site. Par souci d&rsquo;\u00e9galit\u00e9 de traitement, les termes correspondants s&rsquo;appliquent en [&hellip;]<\/p>\n","protected":false},"author":2,"featured_media":37716,"parent":0,"menu_order":0,"comment_status":"closed","ping_status":"closed","template":"","meta":{"_et_pb_use_builder":"on","_et_pb_old_content":"","_et_gb_content_width":"","_relevanssi_hide_post":"","_relevanssi_hide_content":"","_relevanssi_pin_for_all":"","_relevanssi_pin_keywords":"","_relevanssi_unpin_keywords":"","_relevanssi_related_keywords":"","_relevanssi_related_include_ids":"","_relevanssi_related_exclude_ids":"","_relevanssi_related_no_append":"","_relevanssi_related_not_related":"","_relevanssi_related_posts":"","_relevanssi_noindex_reason":"","footnotes":""},"class_list":["post-65604","page","type-page","status-publish","has-post-thumbnail","hentry"],"yoast_head":"<!-- This site is optimized with the Yoast SEO plugin v27.3 - https:\/\/yoast.com\/product\/yoast-seo-wordpress\/ -->\n<title>Carrosserie et peinture - Repawelt<\/title>\n<meta name=\"description\" content=\"Carrosserie et peinture sur repawelt.fr, fabricant, distributeur, artisanat, service. Actualit\u00e9s et Produits. Peindre et r\u00e9parer.\" \/>\n<meta name=\"robots\" content=\"index, follow, max-snippet:-1, max-image-preview:large, max-video-preview:-1\" \/>\n<link rel=\"canonical\" href=\"https:\/\/repawelt.de\/fr\/actualites-2\/\" \/>\n<meta property=\"og:locale\" content=\"fr_FR\" \/>\n<meta property=\"og:type\" content=\"article\" \/>\n<meta property=\"og:title\" content=\"Carrosserie et peinture - Repawelt\" \/>\n<meta property=\"og:description\" content=\"Carrosserie et peinture sur repawelt.fr, fabricant, distributeur, artisanat, service. Actualit\u00e9s et Produits. Peindre et r\u00e9parer.\" \/>\n<meta property=\"og:url\" content=\"https:\/\/repawelt.de\/fr\/actualites-2\/\" \/>\n<meta property=\"og:site_name\" content=\"Repawelt\" \/>\n<meta property=\"article:modified_time\" content=\"2025-07-03T14:41:18+00:00\" \/>\n<meta property=\"og:image\" content=\"https:\/\/repawelt.de\/wp-content\/uploads\/2024\/08\/Uthoff-Kombi-Lackierkabine-und-Trockner-von-SEHON-jpg.webp\" \/>\n\t<meta property=\"og:image:width\" content=\"680\" \/>\n\t<meta property=\"og:image:height\" content=\"450\" \/>\n\t<meta property=\"og:image:type\" content=\"image\/jpeg\" \/>\n<meta name=\"twitter:card\" content=\"summary_large_image\" \/>\n<meta name=\"twitter:label1\" content=\"Dur\u00e9e de lecture estim\u00e9e\" \/>\n\t<meta name=\"twitter:data1\" content=\"4 minutes\" \/>\n<script type=\"application\/ld+json\" class=\"yoast-schema-graph\">{\"@context\":\"https:\\\/\\\/schema.org\",\"@graph\":[{\"@type\":\"WebPage\",\"@id\":\"https:\\\/\\\/repawelt.de\\\/fr\\\/actualites-2\\\/\",\"url\":\"https:\\\/\\\/repawelt.de\\\/fr\\\/actualites-2\\\/\",\"name\":\"Carrosserie et peinture - Repawelt\",\"isPartOf\":{\"@id\":\"https:\\\/\\\/repawelt.de\\\/fr\\\/#website\"},\"primaryImageOfPage\":{\"@id\":\"https:\\\/\\\/repawelt.de\\\/fr\\\/actualites-2\\\/#primaryimage\"},\"image\":{\"@id\":\"https:\\\/\\\/repawelt.de\\\/fr\\\/actualites-2\\\/#primaryimage\"},\"thumbnailUrl\":\"https:\\\/\\\/repawelt.de\\\/wp-content\\\/uploads\\\/2024\\\/08\\\/Uthoff-Kombi-Lackierkabine-und-Trockner-von-SEHON-jpg.webp\",\"datePublished\":\"2025-04-24T07:19:29+00:00\",\"dateModified\":\"2025-07-03T14:41:18+00:00\",\"description\":\"Carrosserie et peinture sur repawelt.fr, fabricant, distributeur, artisanat, service. Actualit\u00e9s et Produits. Peindre et r\u00e9parer.\",\"breadcrumb\":{\"@id\":\"https:\\\/\\\/repawelt.de\\\/fr\\\/actualites-2\\\/#breadcrumb\"},\"inLanguage\":\"fr-FR\",\"potentialAction\":[{\"@type\":\"ReadAction\",\"target\":[\"https:\\\/\\\/repawelt.de\\\/fr\\\/actualites-2\\\/\"]}]},{\"@type\":\"ImageObject\",\"inLanguage\":\"fr-FR\",\"@id\":\"https:\\\/\\\/repawelt.de\\\/fr\\\/actualites-2\\\/#primaryimage\",\"url\":\"https:\\\/\\\/repawelt.de\\\/wp-content\\\/uploads\\\/2024\\\/08\\\/Uthoff-Kombi-Lackierkabine-und-Trockner-von-SEHON-jpg.webp\",\"contentUrl\":\"https:\\\/\\\/repawelt.de\\\/wp-content\\\/uploads\\\/2024\\\/08\\\/Uthoff-Kombi-Lackierkabine-und-Trockner-von-SEHON-jpg.webp\",\"width\":680,\"height\":450},{\"@type\":\"BreadcrumbList\",\"@id\":\"https:\\\/\\\/repawelt.de\\\/fr\\\/actualites-2\\\/#breadcrumb\",\"itemListElement\":[{\"@type\":\"ListItem\",\"position\":1,\"name\":\"Startseite\",\"item\":\"https:\\\/\\\/repawelt.de\\\/fr\\\/accueil\\\/\"},{\"@type\":\"ListItem\",\"position\":2,\"name\":\"Carrosserie et peinture\"}]},{\"@type\":\"WebSite\",\"@id\":\"https:\\\/\\\/repawelt.de\\\/fr\\\/#website\",\"url\":\"https:\\\/\\\/repawelt.de\\\/fr\\\/\",\"name\":\"Repawelt\",\"description\":\"Die Welt der Fahrzeugreparatur\",\"publisher\":{\"@id\":\"https:\\\/\\\/repawelt.de\\\/fr\\\/#organization\"},\"potentialAction\":[{\"@type\":\"SearchAction\",\"target\":{\"@type\":\"EntryPoint\",\"urlTemplate\":\"https:\\\/\\\/repawelt.de\\\/fr\\\/?s={search_term_string}\"},\"query-input\":{\"@type\":\"PropertyValueSpecification\",\"valueRequired\":true,\"valueName\":\"search_term_string\"}}],\"inLanguage\":\"fr-FR\"},{\"@type\":\"Organization\",\"@id\":\"https:\\\/\\\/repawelt.de\\\/fr\\\/#organization\",\"name\":\"Repawelt\",\"url\":\"https:\\\/\\\/repawelt.de\\\/fr\\\/\",\"logo\":{\"@type\":\"ImageObject\",\"inLanguage\":\"fr-FR\",\"@id\":\"https:\\\/\\\/repawelt.de\\\/fr\\\/#\\\/schema\\\/logo\\\/image\\\/\",\"url\":\"https:\\\/\\\/repawelt.de\\\/wp-content\\\/uploads\\\/2017\\\/10\\\/Repawelt-Favicon.png\",\"contentUrl\":\"https:\\\/\\\/repawelt.de\\\/wp-content\\\/uploads\\\/2017\\\/10\\\/Repawelt-Favicon.png\",\"width\":500,\"height\":500,\"caption\":\"Repawelt\"},\"image\":{\"@id\":\"https:\\\/\\\/repawelt.de\\\/fr\\\/#\\\/schema\\\/logo\\\/image\\\/\"}}]}<\/script>\n<!-- \/ Yoast SEO plugin. -->","yoast_head_json":{"title":"Carrosserie et peinture - Repawelt","description":"Carrosserie et peinture sur repawelt.fr, fabricant, distributeur, artisanat, service. Actualit\u00e9s et Produits. Peindre et r\u00e9parer.","robots":{"index":"index","follow":"follow","max-snippet":"max-snippet:-1","max-image-preview":"max-image-preview:large","max-video-preview":"max-video-preview:-1"},"canonical":"https:\/\/repawelt.de\/fr\/actualites-2\/","og_locale":"fr_FR","og_type":"article","og_title":"Carrosserie et peinture - Repawelt","og_description":"Carrosserie et peinture sur repawelt.fr, fabricant, distributeur, artisanat, service. Actualit\u00e9s et Produits. Peindre et r\u00e9parer.","og_url":"https:\/\/repawelt.de\/fr\/actualites-2\/","og_site_name":"Repawelt","article_modified_time":"2025-07-03T14:41:18+00:00","og_image":[{"width":680,"height":450,"url":"https:\/\/repawelt.de\/wp-content\/uploads\/2024\/08\/Uthoff-Kombi-Lackierkabine-und-Trockner-von-SEHON-jpg.webp","type":"image\/jpeg"}],"twitter_card":"summary_large_image","twitter_misc":{"Dur\u00e9e de lecture estim\u00e9e":"4 minutes"},"schema":{"@context":"https:\/\/schema.org","@graph":[{"@type":"WebPage","@id":"https:\/\/repawelt.de\/fr\/actualites-2\/","url":"https:\/\/repawelt.de\/fr\/actualites-2\/","name":"Carrosserie et peinture - Repawelt","isPartOf":{"@id":"https:\/\/repawelt.de\/fr\/#website"},"primaryImageOfPage":{"@id":"https:\/\/repawelt.de\/fr\/actualites-2\/#primaryimage"},"image":{"@id":"https:\/\/repawelt.de\/fr\/actualites-2\/#primaryimage"},"thumbnailUrl":"https:\/\/repawelt.de\/wp-content\/uploads\/2024\/08\/Uthoff-Kombi-Lackierkabine-und-Trockner-von-SEHON-jpg.webp","datePublished":"2025-04-24T07:19:29+00:00","dateModified":"2025-07-03T14:41:18+00:00","description":"Carrosserie et peinture sur repawelt.fr, fabricant, distributeur, artisanat, service. Actualit\u00e9s et Produits. Peindre et r\u00e9parer.","breadcrumb":{"@id":"https:\/\/repawelt.de\/fr\/actualites-2\/#breadcrumb"},"inLanguage":"fr-FR","potentialAction":[{"@type":"ReadAction","target":["https:\/\/repawelt.de\/fr\/actualites-2\/"]}]},{"@type":"ImageObject","inLanguage":"fr-FR","@id":"https:\/\/repawelt.de\/fr\/actualites-2\/#primaryimage","url":"https:\/\/repawelt.de\/wp-content\/uploads\/2024\/08\/Uthoff-Kombi-Lackierkabine-und-Trockner-von-SEHON-jpg.webp","contentUrl":"https:\/\/repawelt.de\/wp-content\/uploads\/2024\/08\/Uthoff-Kombi-Lackierkabine-und-Trockner-von-SEHON-jpg.webp","width":680,"height":450},{"@type":"BreadcrumbList","@id":"https:\/\/repawelt.de\/fr\/actualites-2\/#breadcrumb","itemListElement":[{"@type":"ListItem","position":1,"name":"Startseite","item":"https:\/\/repawelt.de\/fr\/accueil\/"},{"@type":"ListItem","position":2,"name":"Carrosserie et peinture"}]},{"@type":"WebSite","@id":"https:\/\/repawelt.de\/fr\/#website","url":"https:\/\/repawelt.de\/fr\/","name":"Repawelt","description":"Die Welt der Fahrzeugreparatur","publisher":{"@id":"https:\/\/repawelt.de\/fr\/#organization"},"potentialAction":[{"@type":"SearchAction","target":{"@type":"EntryPoint","urlTemplate":"https:\/\/repawelt.de\/fr\/?s={search_term_string}"},"query-input":{"@type":"PropertyValueSpecification","valueRequired":true,"valueName":"search_term_string"}}],"inLanguage":"fr-FR"},{"@type":"Organization","@id":"https:\/\/repawelt.de\/fr\/#organization","name":"Repawelt","url":"https:\/\/repawelt.de\/fr\/","logo":{"@type":"ImageObject","inLanguage":"fr-FR","@id":"https:\/\/repawelt.de\/fr\/#\/schema\/logo\/image\/","url":"https:\/\/repawelt.de\/wp-content\/uploads\/2017\/10\/Repawelt-Favicon.png","contentUrl":"https:\/\/repawelt.de\/wp-content\/uploads\/2017\/10\/Repawelt-Favicon.png","width":500,"height":500,"caption":"Repawelt"},"image":{"@id":"https:\/\/repawelt.de\/fr\/#\/schema\/logo\/image\/"}}]}},"_links":{"self":[{"href":"https:\/\/repawelt.de\/fr\/wp-json\/wp\/v2\/pages\/65604","targetHints":{"allow":["GET"]}}],"collection":[{"href":"https:\/\/repawelt.de\/fr\/wp-json\/wp\/v2\/pages"}],"about":[{"href":"https:\/\/repawelt.de\/fr\/wp-json\/wp\/v2\/types\/page"}],"author":[{"embeddable":true,"href":"https:\/\/repawelt.de\/fr\/wp-json\/wp\/v2\/users\/2"}],"replies":[{"embeddable":true,"href":"https:\/\/repawelt.de\/fr\/wp-json\/wp\/v2\/comments?post=65604"}],"version-history":[{"count":0,"href":"https:\/\/repawelt.de\/fr\/wp-json\/wp\/v2\/pages\/65604\/revisions"}],"wp:featuredmedia":[{"embeddable":true,"href":"https:\/\/repawelt.de\/fr\/wp-json\/wp\/v2\/media\/37716"}],"wp:attachment":[{"href":"https:\/\/repawelt.de\/fr\/wp-json\/wp\/v2\/media?parent=65604"}],"curies":[{"name":"wp","href":"https:\/\/api.w.org\/{rel}","templated":true}]}}