{"id":68749,"date":"2025-07-03T17:06:53","date_gmt":"2025-07-03T15:06:53","guid":{"rendered":"https:\/\/repawelt.de\/?page_id=68749"},"modified":"2025-09-02T19:14:53","modified_gmt":"2025-09-02T17:14:53","slug":"noticias-2-2","status":"publish","type":"page","link":"https:\/\/repawelt.de\/es\/noticias-2-2\/","title":{"rendered":"Caravaning"},"content":{"rendered":"<p>[et_pb_section fb_built=\u00bb1&#8243; admin_label=\u00bbRepawelt Header\u00bb _builder_version=\u00bb4.16&#8243; custom_padding=\u00bb0px||8px|||\u00bb saved_tabs=\u00bball\u00bb global_colors_info=\u00bb{}\u00bb][et_pb_row _builder_version=\u00bb4.16&#8243; background_size=\u00bbinitial\u00bb background_position=\u00bbtop_left\u00bb background_repeat=\u00bbrepeat\u00bb custom_padding=\u00bb67px||2px|||\u00bb global_colors_info=\u00bb{}\u00bb][et_pb_column type=\u00bb4_4&#8243; _builder_version=\u00bb4.16&#8243; custom_padding=\u00bb|||\u00bb global_colors_info=\u00bb{}\u00bb custom_padding__hover=\u00bb|||\u00bb][et_pb_text admin_label=\u00bbRepawelt\u00bb _builder_version=\u00bb4.27.4&#8243; vertical_offset_tablet=\u00bb0&#8243; horizontal_offset_tablet=\u00bb0&#8243; z_index_tablet=\u00bb0&#8243; text_text_shadow_horizontal_length_tablet=\u00bb0px\u00bb text_text_shadow_vertical_length_tablet=\u00bb0px\u00bb text_text_shadow_blur_strength_tablet=\u00bb1px\u00bb link_text_shadow_horizontal_length_tablet=\u00bb0px\u00bb link_text_shadow_vertical_length_tablet=\u00bb0px\u00bb link_text_shadow_blur_strength_tablet=\u00bb1px\u00bb ul_text_shadow_horizontal_length_tablet=\u00bb0px\u00bb ul_text_shadow_vertical_length_tablet=\u00bb0px\u00bb ul_text_shadow_blur_strength_tablet=\u00bb1px\u00bb ol_text_shadow_horizontal_length_tablet=\u00bb0px\u00bb ol_text_shadow_vertical_length_tablet=\u00bb0px\u00bb ol_text_shadow_blur_strength_tablet=\u00bb1px\u00bb quote_text_shadow_horizontal_length_tablet=\u00bb0px\u00bb quote_text_shadow_vertical_length_tablet=\u00bb0px\u00bb quote_text_shadow_blur_strength_tablet=\u00bb1px\u00bb header_text_shadow_horizontal_length_tablet=\u00bb0px\u00bb header_text_shadow_vertical_length_tablet=\u00bb0px\u00bb header_text_shadow_blur_strength_tablet=\u00bb1px\u00bb header_2_text_shadow_horizontal_length_tablet=\u00bb0px\u00bb header_2_text_shadow_vertical_length_tablet=\u00bb0px\u00bb header_2_text_shadow_blur_strength_tablet=\u00bb1px\u00bb header_3_text_shadow_horizontal_length_tablet=\u00bb0px\u00bb header_3_text_shadow_vertical_length_tablet=\u00bb0px\u00bb header_3_text_shadow_blur_strength_tablet=\u00bb1px\u00bb header_4_text_shadow_horizontal_length_tablet=\u00bb0px\u00bb header_4_text_shadow_vertical_length_tablet=\u00bb0px\u00bb header_4_text_shadow_blur_strength_tablet=\u00bb1px\u00bb header_5_text_shadow_horizontal_length_tablet=\u00bb0px\u00bb header_5_text_shadow_vertical_length_tablet=\u00bb0px\u00bb header_5_text_shadow_blur_strength_tablet=\u00bb1px\u00bb header_6_text_shadow_horizontal_length_tablet=\u00bb0px\u00bb header_6_text_shadow_vertical_length_tablet=\u00bb0px\u00bb header_6_text_shadow_blur_strength_tablet=\u00bb1px\u00bb box_shadow_horizontal_tablet=\u00bb0px\u00bb box_shadow_vertical_tablet=\u00bb0px\u00bb box_shadow_blur_tablet=\u00bb40px\u00bb box_shadow_spread_tablet=\u00bb0px\u00bb global_colors_info=\u00bb{}\u00bb]<\/p>\n<h1 style=\"text-align: center;\"><strong>repawelt.de<\/strong><\/h1>\n<h2 style=\"text-align: center;\">El mundo de la reparaci\u00f3n de veh\u00edculos.<\/h2>\n<p style=\"text-align: center;\">Conocimientos. Empresas. Productos. Personas.   <\/p>\n<p style=\"text-align: center;\">[\/et_pb_text][et_pb_search placeholder=\u00bbBusca en el mundo repa &#8230;..  \u00bb _builder_version=\u00bb4.25.1&#8243; _module_preset=\u00bbdefault\u00bb global_colors_info=\u00bb{}\u00bb][\/et_pb_search][et_pb_divider divider_position=\u00bbcenter\u00bb _builder_version=\u00bb4.24.2&#8243; _module_preset=\u00bbdefault\u00bb global_colors_info=\u00bb{}\u00bb][\/et_pb_divider][\/et_pb_column][\/et_pb_row][\/et_pb_section][et_pb_section fb_built=\u00bb1&#8243; _builder_version=\u00bb4.27.0&#8243; _module_preset=\u00bbdefault\u00bb custom_padding=\u00bb5px||21px|||\u00bb global_colors_info=\u00bb{}\u00bb][et_pb_row make_equal=\u00bbon\u00bb _builder_version=\u00bb4.27.0&#8243; _module_preset=\u00bbdefault\u00bb global_colors_info=\u00bb{}\u00bb][et_pb_column type=\u00bb4_4&#8243; _builder_version=\u00bb4.22.1&#8243; _module_preset=\u00bbdefault\u00bb global_colors_info=\u00bb{}\u00bb][et_pb_text admin_label=\u00bbCaravaning\u00bb _builder_version=\u00bb4.27.4&#8243; _module_preset=\u00bbdefault\u00bb global_colors_info=\u00bb{}\u00bb]<\/p>\n<h1><strong>Caravaning<\/strong><\/h1>\n<p>[\/et_pb_text][et_pb_blog fullwidth=\u00bboff\u00bb posts_number=\u00bb48&#8243; include_categories=\u00bb1162&#8243; show_more=\u00bbon\u00bb show_date=\u00bboff\u00bb show_categories=\u00bboff\u00bb show_pagination=\u00bboff\u00bb use_overlay=\u00bbon\u00bb overlay_icon_color=\u00bb#FFFFFF\u00bb hover_overlay_color=\u00bb#7CDA24&#8243; hover_icon=\u00bb&#x70;||divi||400&#8243; admin_label=\u00bbCaravaning\u2013 Blog\u00bb module_class=\u00bbneu-blog\u00bb _builder_version=\u00bb4.27.4&#8243; _module_preset=\u00bb8611033f-9888-4563-a6a4-c03e98d2587d\u00bb header_level=\u00bbh4&#8243; header_font=\u00bb|700|||||||\u00bb header_text_align=\u00bbleft\u00bb header_font_size=\u00bb14px\u00bb header_line_height=\u00bb1.3em\u00bb body_text_align=\u00bbleft\u00bb body_font_size=\u00bb12px\u00bb body_line_height=\u00bb1.3em\u00bb meta_font_size=\u00bb10px\u00bb read_more_font_size=\u00bb10px\u00bb read_more_line_height=\u00bb1.5em\u00bb custom_margin=\u00bb|9px||9px|false|false\u00bb hover_enabled=\u00bb0&#8243; border_width_all=\u00bb2px\u00bb border_color_all_image=\u00bbRGBA(255,255,255,0)\u00bb locked=\u00bboff\u00bb global_colors_info=\u00bb{}\u00bb sticky_enabled=\u00bb0&#8243;][\/et_pb_blog][\/et_pb_column][\/et_pb_row][\/et_pb_section][et_pb_section fb_built=\u00bb1&#8243; admin_label=\u00bbGender-Hinweis\u00bb _builder_version=\u00bb4.25.1&#8243; _module_preset=\u00bbdefault\u00bb custom_padding=\u00bb8px||9px|||\u00bb saved_tabs=\u00bball\u00bb global_colors_info=\u00bb{}\u00bb][et_pb_row _builder_version=\u00bb4.25.1&#8243; _module_preset=\u00bbdefault\u00bb global_colors_info=\u00bb{}\u00bb][et_pb_column type=\u00bb4_4&#8243; _builder_version=\u00bb4.25.1&#8243; _module_preset=\u00bbdefault\u00bb global_colors_info=\u00bb{}\u00bb][et_pb_text _builder_version=\u00bb4.25.1&#8243; _module_preset=\u00bbdefault\u00bb global_colors_info=\u00bb{}\u00bb]<\/p>\n<p><strong>Nota de g\u00e9nero<\/strong><\/p>\n<p>Por razones de mejor legibilidad, la forma masculina (masculino gen\u00e9rico) se utiliza principalmente para designaciones personales y sustantivos personales en este sitio web. Los t\u00e9rminos correspondientes se aplican a todos los g\u00e9neros en aras de la igualdad de trato. La forma ling\u00fc\u00edstica abreviada se utiliza \u00fanicamente por motivos editoriales y no implica juicio alguno.  <\/p>\n<p>[\/et_pb_text][\/et_pb_column][\/et_pb_row][\/et_pb_section]<\/p>\n","protected":false},"excerpt":{"rendered":"<p>repawelt.de El mundo de la reparaci\u00f3n de veh\u00edculos. Conocimientos. Empresas. Productos. Personas. CaravaningNota de g\u00e9nero Por razones de mejor legibilidad, la forma masculina (masculino gen\u00e9rico) se utiliza principalmente para designaciones personales y sustantivos personales en este sitio web. Los t\u00e9rminos correspondientes se aplican a todos los g\u00e9neros en aras de la igualdad de trato. La [&hellip;]<\/p>\n","protected":false},"author":2,"featured_media":64890,"parent":0,"menu_order":0,"comment_status":"closed","ping_status":"closed","template":"","meta":{"_et_pb_use_builder":"on","_et_pb_old_content":"","_et_gb_content_width":"","_relevanssi_hide_post":"","_relevanssi_hide_content":"","_relevanssi_pin_for_all":"","_relevanssi_pin_keywords":"","_relevanssi_unpin_keywords":"","_relevanssi_related_keywords":"","_relevanssi_related_include_ids":"","_relevanssi_related_exclude_ids":"","_relevanssi_related_no_append":"","_relevanssi_related_not_related":"","_relevanssi_related_posts":"","_relevanssi_noindex_reason":"","footnotes":""},"class_list":["post-68749","page","type-page","status-publish","has-post-thumbnail","hentry"],"yoast_head":"<!-- This site is optimized with the Yoast SEO plugin v27.3 - https:\/\/yoast.com\/product\/yoast-seo-wordpress\/ -->\n<title>Caravaning - Repawelt<\/title>\n<meta name=\"description\" content=\"Caravaning en repawelt.de, fabricante, distribuidor, comercio, servicio. Noticias y Productos. caravanas, autocaravanas, furgonetas camper.\" \/>\n<meta name=\"robots\" content=\"index, follow, max-snippet:-1, max-image-preview:large, max-video-preview:-1\" \/>\n<link rel=\"canonical\" href=\"https:\/\/repawelt.de\/es\/noticias-2-2\/\" \/>\n<meta property=\"og:locale\" content=\"es_ES\" \/>\n<meta property=\"og:type\" content=\"article\" \/>\n<meta property=\"og:title\" content=\"Caravaning - Repawelt\" \/>\n<meta property=\"og:description\" content=\"Caravaning en repawelt.de, fabricante, distribuidor, comercio, servicio. Noticias y Productos. caravanas, autocaravanas, furgonetas camper.\" \/>\n<meta property=\"og:url\" content=\"https:\/\/repawelt.de\/es\/noticias-2-2\/\" \/>\n<meta property=\"og:site_name\" content=\"Repawelt\" \/>\n<meta property=\"article:modified_time\" content=\"2025-09-02T17:14:53+00:00\" \/>\n<meta property=\"og:image\" content=\"https:\/\/repawelt.de\/wp-content\/uploads\/2025\/04\/Campingtrends-2025.webp\" \/>\n\t<meta property=\"og:image:width\" content=\"680\" \/>\n\t<meta property=\"og:image:height\" content=\"450\" \/>\n\t<meta property=\"og:image:type\" content=\"image\/jpeg\" \/>\n<meta name=\"twitter:card\" content=\"summary_large_image\" \/>\n<meta name=\"twitter:label1\" content=\"Tiempo de lectura\" \/>\n\t<meta name=\"twitter:data1\" content=\"4 minutos\" \/>\n<script type=\"application\/ld+json\" class=\"yoast-schema-graph\">{\"@context\":\"https:\\\/\\\/schema.org\",\"@graph\":[{\"@type\":\"WebPage\",\"@id\":\"https:\\\/\\\/repawelt.de\\\/es\\\/noticias-2-2\\\/\",\"url\":\"https:\\\/\\\/repawelt.de\\\/es\\\/noticias-2-2\\\/\",\"name\":\"Caravaning - Repawelt\",\"isPartOf\":{\"@id\":\"https:\\\/\\\/repawelt.de\\\/es\\\/#website\"},\"primaryImageOfPage\":{\"@id\":\"https:\\\/\\\/repawelt.de\\\/es\\\/noticias-2-2\\\/#primaryimage\"},\"image\":{\"@id\":\"https:\\\/\\\/repawelt.de\\\/es\\\/noticias-2-2\\\/#primaryimage\"},\"thumbnailUrl\":\"https:\\\/\\\/repawelt.de\\\/wp-content\\\/uploads\\\/2025\\\/04\\\/Campingtrends-2025.webp\",\"datePublished\":\"2025-07-03T15:06:53+00:00\",\"dateModified\":\"2025-09-02T17:14:53+00:00\",\"description\":\"Caravaning en repawelt.de, fabricante, distribuidor, comercio, servicio. Noticias y Productos. caravanas, autocaravanas, furgonetas camper.\",\"breadcrumb\":{\"@id\":\"https:\\\/\\\/repawelt.de\\\/es\\\/noticias-2-2\\\/#breadcrumb\"},\"inLanguage\":\"es\",\"potentialAction\":[{\"@type\":\"ReadAction\",\"target\":[\"https:\\\/\\\/repawelt.de\\\/es\\\/noticias-2-2\\\/\"]}]},{\"@type\":\"ImageObject\",\"inLanguage\":\"es\",\"@id\":\"https:\\\/\\\/repawelt.de\\\/es\\\/noticias-2-2\\\/#primaryimage\",\"url\":\"https:\\\/\\\/repawelt.de\\\/wp-content\\\/uploads\\\/2025\\\/04\\\/Campingtrends-2025.webp\",\"contentUrl\":\"https:\\\/\\\/repawelt.de\\\/wp-content\\\/uploads\\\/2025\\\/04\\\/Campingtrends-2025.webp\",\"width\":680,\"height\":450,\"caption\":\"Camping-Trends 2025\"},{\"@type\":\"BreadcrumbList\",\"@id\":\"https:\\\/\\\/repawelt.de\\\/es\\\/noticias-2-2\\\/#breadcrumb\",\"itemListElement\":[{\"@type\":\"ListItem\",\"position\":1,\"name\":\"Startseite\",\"item\":\"https:\\\/\\\/repawelt.de\\\/es\\\/inicio\\\/\"},{\"@type\":\"ListItem\",\"position\":2,\"name\":\"Caravaning\"}]},{\"@type\":\"WebSite\",\"@id\":\"https:\\\/\\\/repawelt.de\\\/es\\\/#website\",\"url\":\"https:\\\/\\\/repawelt.de\\\/es\\\/\",\"name\":\"Repawelt\",\"description\":\"Die Welt der Fahrzeugreparatur\",\"publisher\":{\"@id\":\"https:\\\/\\\/repawelt.de\\\/es\\\/#organization\"},\"potentialAction\":[{\"@type\":\"SearchAction\",\"target\":{\"@type\":\"EntryPoint\",\"urlTemplate\":\"https:\\\/\\\/repawelt.de\\\/es\\\/?s={search_term_string}\"},\"query-input\":{\"@type\":\"PropertyValueSpecification\",\"valueRequired\":true,\"valueName\":\"search_term_string\"}}],\"inLanguage\":\"es\"},{\"@type\":\"Organization\",\"@id\":\"https:\\\/\\\/repawelt.de\\\/es\\\/#organization\",\"name\":\"Repawelt\",\"url\":\"https:\\\/\\\/repawelt.de\\\/es\\\/\",\"logo\":{\"@type\":\"ImageObject\",\"inLanguage\":\"es\",\"@id\":\"https:\\\/\\\/repawelt.de\\\/es\\\/#\\\/schema\\\/logo\\\/image\\\/\",\"url\":\"https:\\\/\\\/repawelt.de\\\/wp-content\\\/uploads\\\/2017\\\/10\\\/Repawelt-Favicon.png\",\"contentUrl\":\"https:\\\/\\\/repawelt.de\\\/wp-content\\\/uploads\\\/2017\\\/10\\\/Repawelt-Favicon.png\",\"width\":500,\"height\":500,\"caption\":\"Repawelt\"},\"image\":{\"@id\":\"https:\\\/\\\/repawelt.de\\\/es\\\/#\\\/schema\\\/logo\\\/image\\\/\"}}]}<\/script>\n<!-- \/ Yoast SEO plugin. -->","yoast_head_json":{"title":"Caravaning - Repawelt","description":"Caravaning en repawelt.de, fabricante, distribuidor, comercio, servicio. Noticias y Productos. caravanas, autocaravanas, furgonetas camper.","robots":{"index":"index","follow":"follow","max-snippet":"max-snippet:-1","max-image-preview":"max-image-preview:large","max-video-preview":"max-video-preview:-1"},"canonical":"https:\/\/repawelt.de\/es\/noticias-2-2\/","og_locale":"es_ES","og_type":"article","og_title":"Caravaning - Repawelt","og_description":"Caravaning en repawelt.de, fabricante, distribuidor, comercio, servicio. Noticias y Productos. caravanas, autocaravanas, furgonetas camper.","og_url":"https:\/\/repawelt.de\/es\/noticias-2-2\/","og_site_name":"Repawelt","article_modified_time":"2025-09-02T17:14:53+00:00","og_image":[{"width":680,"height":450,"url":"https:\/\/repawelt.de\/wp-content\/uploads\/2025\/04\/Campingtrends-2025.webp","type":"image\/jpeg"}],"twitter_card":"summary_large_image","twitter_misc":{"Tiempo de lectura":"4 minutos"},"schema":{"@context":"https:\/\/schema.org","@graph":[{"@type":"WebPage","@id":"https:\/\/repawelt.de\/es\/noticias-2-2\/","url":"https:\/\/repawelt.de\/es\/noticias-2-2\/","name":"Caravaning - Repawelt","isPartOf":{"@id":"https:\/\/repawelt.de\/es\/#website"},"primaryImageOfPage":{"@id":"https:\/\/repawelt.de\/es\/noticias-2-2\/#primaryimage"},"image":{"@id":"https:\/\/repawelt.de\/es\/noticias-2-2\/#primaryimage"},"thumbnailUrl":"https:\/\/repawelt.de\/wp-content\/uploads\/2025\/04\/Campingtrends-2025.webp","datePublished":"2025-07-03T15:06:53+00:00","dateModified":"2025-09-02T17:14:53+00:00","description":"Caravaning en repawelt.de, fabricante, distribuidor, comercio, servicio. Noticias y Productos. caravanas, autocaravanas, furgonetas camper.","breadcrumb":{"@id":"https:\/\/repawelt.de\/es\/noticias-2-2\/#breadcrumb"},"inLanguage":"es","potentialAction":[{"@type":"ReadAction","target":["https:\/\/repawelt.de\/es\/noticias-2-2\/"]}]},{"@type":"ImageObject","inLanguage":"es","@id":"https:\/\/repawelt.de\/es\/noticias-2-2\/#primaryimage","url":"https:\/\/repawelt.de\/wp-content\/uploads\/2025\/04\/Campingtrends-2025.webp","contentUrl":"https:\/\/repawelt.de\/wp-content\/uploads\/2025\/04\/Campingtrends-2025.webp","width":680,"height":450,"caption":"Camping-Trends 2025"},{"@type":"BreadcrumbList","@id":"https:\/\/repawelt.de\/es\/noticias-2-2\/#breadcrumb","itemListElement":[{"@type":"ListItem","position":1,"name":"Startseite","item":"https:\/\/repawelt.de\/es\/inicio\/"},{"@type":"ListItem","position":2,"name":"Caravaning"}]},{"@type":"WebSite","@id":"https:\/\/repawelt.de\/es\/#website","url":"https:\/\/repawelt.de\/es\/","name":"Repawelt","description":"Die Welt der Fahrzeugreparatur","publisher":{"@id":"https:\/\/repawelt.de\/es\/#organization"},"potentialAction":[{"@type":"SearchAction","target":{"@type":"EntryPoint","urlTemplate":"https:\/\/repawelt.de\/es\/?s={search_term_string}"},"query-input":{"@type":"PropertyValueSpecification","valueRequired":true,"valueName":"search_term_string"}}],"inLanguage":"es"},{"@type":"Organization","@id":"https:\/\/repawelt.de\/es\/#organization","name":"Repawelt","url":"https:\/\/repawelt.de\/es\/","logo":{"@type":"ImageObject","inLanguage":"es","@id":"https:\/\/repawelt.de\/es\/#\/schema\/logo\/image\/","url":"https:\/\/repawelt.de\/wp-content\/uploads\/2017\/10\/Repawelt-Favicon.png","contentUrl":"https:\/\/repawelt.de\/wp-content\/uploads\/2017\/10\/Repawelt-Favicon.png","width":500,"height":500,"caption":"Repawelt"},"image":{"@id":"https:\/\/repawelt.de\/es\/#\/schema\/logo\/image\/"}}]}},"_links":{"self":[{"href":"https:\/\/repawelt.de\/es\/wp-json\/wp\/v2\/pages\/68749","targetHints":{"allow":["GET"]}}],"collection":[{"href":"https:\/\/repawelt.de\/es\/wp-json\/wp\/v2\/pages"}],"about":[{"href":"https:\/\/repawelt.de\/es\/wp-json\/wp\/v2\/types\/page"}],"author":[{"embeddable":true,"href":"https:\/\/repawelt.de\/es\/wp-json\/wp\/v2\/users\/2"}],"replies":[{"embeddable":true,"href":"https:\/\/repawelt.de\/es\/wp-json\/wp\/v2\/comments?post=68749"}],"version-history":[{"count":0,"href":"https:\/\/repawelt.de\/es\/wp-json\/wp\/v2\/pages\/68749\/revisions"}],"wp:featuredmedia":[{"embeddable":true,"href":"https:\/\/repawelt.de\/es\/wp-json\/wp\/v2\/media\/64890"}],"wp:attachment":[{"href":"https:\/\/repawelt.de\/es\/wp-json\/wp\/v2\/media?parent=68749"}],"curies":[{"name":"wp","href":"https:\/\/api.w.org\/{rel}","templated":true}]}}